{"id":11349,"date":"2021-06-08T16:39:48","date_gmt":"2021-06-08T14:39:48","guid":{"rendered":"https:\/\/www.decomatic-sa.fr\/qualite\/"},"modified":"2022-03-04T16:52:38","modified_gmt":"2022-03-04T15:52:38","slug":"qualitaetsverpflichtung","status":"publish","type":"page","link":"https:\/\/www.decomatic-sa.fr\/de\/qualitaetsverpflichtung\/","title":{"rendered":"Qualit\u00e4ts-verpflichtung"},"content":{"rendered":"\n<p><\/p>\n\n\n\n<p><\/p>\n\n\n\n<h2 class=\"wp-block-heading\">Unser Qualit\u00e4tsversprechen weithin anerkannt<\/h2>\n\n\n\n<div class=\"wp-block-columns is-layout-flex wp-container-core-columns-is-layout-1 wp-block-columns-is-layout-flex\">\n<div class=\"wp-block-column is-layout-flow wp-block-column-is-layout-flow\"><div>\r\n    <div class=\"frame frame-gris\">\r\n        <p><strong>d\u00e9comatic s.a. ist seit Januar 1996 <\/strong><a href=\"https:\/\/www.decomatic-sa.fr\/wp-content\/uploads\/2022\/03\/certificat2019-ISO9001.pdf\"><strong>nach ISO 9001 zertifiziert<\/strong><\/a><\/p>\n<p>Die ISO 9001 stellt einen internationalen Konsens \u00fcber die standardisierten Anforderungen an ein Qualit\u00e4tsmanagementsystem dar.<\/p>\n    <\/div>\r\n<\/div><\/div>\n\n\n\n<div class=\"wp-block-column is-layout-flow wp-block-column-is-layout-flow\"><div>\r\n    <div class=\"frame frame-blanc\">\r\n        <h3>Qualit\u00e4tssicherung La Poste seit April 1997<\/h3>\n<p>Der Technische Abteilung von La Poste (Frankreich) erkennt die Qualit\u00e4t unserer Sicherheitsumschl\u00e4ge an.<\/p>\n    <\/div>\r\n<\/div><\/div>\n<\/div>\n\n\n\n<div class=\"wp-block-columns is-layout-flex wp-container-core-columns-is-layout-2 wp-block-columns-is-layout-flex\">\n<div class=\"wp-block-column is-layout-flow wp-block-column-is-layout-flow\">\n<h3 class=\"wp-block-heading\">QSU Politik der Unternhemen<\/h3>\n\n\n\n<p>Jedes Jahr teilt d\u00e9comatic allen seinen Mitarbeitern die Qualit\u00e4ts-, Sicherheits- und Umweltpolitik des Unternehmens f\u00fcr das kommende Jahr mit. Diese Politik umfasst die Gesamtheit der Ziele, die sich das Unternehmen setzt, in verschiedenen Bereichen :<\/p>\n\n\n\n<ul class=\"wp-block-list\"><li>Produktangebot und Gesch\u00e4ftsstrategie<\/li><li>Kundenzufriedenheit<\/li><li>QSU-Kultur und kontinuierliche Verbesserung<\/li><li>Compliance Gesetze und Vorschriften<\/li><\/ul>\n<\/div>\n\n\n\n<div class=\"wp-block-column is-layout-flow wp-block-column-is-layout-flow\">\n<div class=\"wp-block-image\"><figure class=\"aligncenter size-full\"><img loading=\"lazy\" decoding=\"async\" width=\"500\" height=\"332\" src=\"https:\/\/www.decomatic-sa.fr\/wp-content\/uploads\/2021\/11\/Engagement-qualite.jpg\" alt=\"Qualit\u00e4tsverpflichtung\" class=\"wp-image-12090\" srcset=\"https:\/\/www.decomatic-sa.fr\/wp-content\/uploads\/2021\/11\/Engagement-qualite.jpg 500w, https:\/\/www.decomatic-sa.fr\/wp-content\/uploads\/2021\/11\/Engagement-qualite-300x199.jpg 300w\" sizes=\"auto, (max-width: 500px) 100vw, 500px\" \/><\/figure><\/div>\n<\/div>\n<\/div>\n\n\n\n<div class=\"wp-block-columns is-layout-flex wp-container-core-columns-is-layout-3 wp-block-columns-is-layout-flex\">\n<div class=\"wp-block-column is-layout-flow wp-block-column-is-layout-flow\">\n<h2 class=\"wp-block-heading\">Ein System im Dienste der kontinuierlichen Verbesserung<\/h2>\n\n\n\n<p>Das Qualit\u00e4tsmanagement bei d\u00e9comatic erfolgt in Form von in Wechselwirkung stehenden Prozessen. Sicherheit und Umweltschutz werden in jeden Prozess integriert.<\/p>\n\n\n\n<p>Alle diese Prozesse sind in ein umfassendes Dokumentationssystem eingebettet:<\/p>\n\n\n\n<ul class=\"wp-block-list\"><li>QSU Manual<\/li><li>Hinweise<\/li><li>Vorgefertigte Unterlagen<\/li><li>Produktlexikon<\/li><li>Stellenbeschreibungen &#8211; Sicherheit<\/li><\/ul>\n\n\n\n<p>All diese Elemente werden durch ein leistungsf\u00e4higes Monitoringsystem kontrolliert, das u. a. regelm\u00e4\u00dfige Managementbewertungen, eine genaue Verfolgung von Korrektur- und Vorbeugungsma\u00dfnahmen sowie interne QSU-Audits (Peer-Review) umfasst.<\/p>\n<\/div>\n\n\n\n<div class=\"wp-block-column is-layout-flow wp-block-column-is-layout-flow\"><div>\r\n    <div class=\"frame frame-i frame-blanc\">\r\n        <img decoding=\"async\" loading=\"lazy\" src=\"https:\/\/www.decomatic-sa.fr\/wp-content\/uploads\/2021\/07\/mfq.jpg\" alt=\"mfq\" \/><div><p>d\u00e9comatic ist Mitglied des MFQRA (&#8222;Mouvement Fran\u00e7ais de la Qualit\u00e9 Rh\u00f4ne Alpes&#8220; \/ &#8222;Franz\u00f6sische Qualit\u00e4tsbewegung Rh\u00f4ne-Alpes&#8220;), was ihm die Teilnahme und Nutzung eines sehr leistungsf\u00e4higen QSE-Netzwerks erm\u00f6glicht, das Synergien erleichtert.<\/p>\n<\/div>    <\/div>\r\n<\/div><\/div>\n<\/div>\n\n\n\n<hr class=\"wp-block-separator has-text-color has-background is-style-wide\" style=\"background-color:#ff8200;color:#ff8200\"\/>\n\n\n\n<h2 class=\"wp-block-heading\">UNSERE ANDEREN VERPFLICHTUNGEN ENTDECKEN<\/h2>\n\n\n\n<div class=\"wp-block-columns is-layout-flex wp-container-core-columns-is-layout-4 wp-block-columns-is-layout-flex\">\n<div class=\"wp-block-column is-layout-flow wp-block-column-is-layout-flow\"><div class=\"al-left\"><a href=\"https:\/\/www.decomatic-sa.fr\/de\/svu-nachhaltige-entwicklung\/\" class=\"btn\">nachhaltige Entwicklung<\/a><\/div><\/div>\n\n\n\n<div class=\"wp-block-column is-layout-flow wp-block-column-is-layout-flow\"><div class=\"al-left\"><a href=\"https:\/\/www.decomatic-sa.fr\/de\/verpflichtung-gegenueber-der-umwelt\/\" class=\"btn\">Umweltverpflichtung<\/a><\/div><\/div>\n<\/div>\n","protected":false},"excerpt":{"rendered":"<p>Unser Qualit\u00e4tsversprechen weithin anerkannt QSU Politik der Unternhemen Jedes Jahr teilt d\u00e9comatic allen seinen Mitarbeitern die Qualit\u00e4ts-, Sicherheits- und Umweltpolitik [&hellip;]<\/p>\n","protected":false},"author":1,"featured_media":12099,"parent":0,"menu_order":5,"comment_status":"closed","ping_status":"closed","template":"page-engagement.php","meta":{"footnotes":""},"class_list":["post-11349","page","type-page","status-publish","has-post-thumbnail","hentry"],"yoast_head":"<!-- This site is optimized with the Yoast SEO plugin v26.8 - https:\/\/yoast.com\/product\/yoast-seo-wordpress\/ -->\n<title>Engagement f\u00fcr den Qualit\u00e4tsdruck von Sleeves und Etiketten<\/title>\n<meta name=\"description\" content=\"Das Qualit\u00e4tsmanagement steht im Mittelpunkt all unserer Produktionsprozesse, insbesondere durch die Zertifizierungen nach ISO9001 und 9002.\" \/>\n<meta name=\"robots\" content=\"index, follow, max-snippet:-1, max-image-preview:large, max-video-preview:-1\" \/>\n<link rel=\"canonical\" href=\"https:\/\/www.decomatic-sa.fr\/de\/qualitaetsverpflichtung\/\" \/>\n<meta property=\"og:locale\" content=\"de_DE\" \/>\n<meta property=\"og:type\" content=\"article\" \/>\n<meta property=\"og:title\" content=\"Engagement f\u00fcr den Qualit\u00e4tsdruck von Sleeves und Etiketten\" \/>\n<meta property=\"og:description\" content=\"Das Qualit\u00e4tsmanagement steht im Mittelpunkt all unserer Produktionsprozesse, insbesondere durch die Zertifizierungen nach ISO9001 und 9002.\" \/>\n<meta property=\"og:url\" content=\"https:\/\/www.decomatic-sa.fr\/de\/qualitaetsverpflichtung\/\" \/>\n<meta property=\"og:site_name\" content=\"d\u00e9comatic\" \/>\n<meta property=\"article:modified_time\" content=\"2022-03-04T15:52:38+00:00\" \/>\n<meta property=\"og:image\" content=\"https:\/\/www.decomatic-sa.fr\/wp-content\/uploads\/2021\/11\/Impression-de-qualite-2.jpg\" \/>\n\t<meta property=\"og:image:width\" content=\"500\" \/>\n\t<meta property=\"og:image:height\" content=\"320\" \/>\n\t<meta property=\"og:image:type\" content=\"image\/jpeg\" \/>\n<meta name=\"twitter:card\" content=\"summary_large_image\" \/>\n<meta name=\"twitter:label1\" content=\"Gesch\u00e4tzte Lesezeit\" \/>\n\t<meta name=\"twitter:data1\" content=\"1\u00a0Minute\" \/>\n<script type=\"application\/ld+json\" class=\"yoast-schema-graph\">{\"@context\":\"https:\/\/schema.org\",\"@graph\":[{\"@type\":\"WebPage\",\"@id\":\"https:\/\/www.decomatic-sa.fr\/de\/qualitaetsverpflichtung\/\",\"url\":\"https:\/\/www.decomatic-sa.fr\/de\/qualitaetsverpflichtung\/\",\"name\":\"Engagement f\u00fcr den Qualit\u00e4tsdruck von Sleeves und Etiketten\",\"isPartOf\":{\"@id\":\"https:\/\/www.decomatic-sa.fr\/#website\"},\"primaryImageOfPage\":{\"@id\":\"https:\/\/www.decomatic-sa.fr\/de\/qualitaetsverpflichtung\/#primaryimage\"},\"image\":{\"@id\":\"https:\/\/www.decomatic-sa.fr\/de\/qualitaetsverpflichtung\/#primaryimage\"},\"thumbnailUrl\":\"https:\/\/www.decomatic-sa.fr\/wp-content\/uploads\/2021\/11\/Impression-de-qualite-2.jpg\",\"datePublished\":\"2021-06-08T14:39:48+00:00\",\"dateModified\":\"2022-03-04T15:52:38+00:00\",\"description\":\"Das Qualit\u00e4tsmanagement steht im Mittelpunkt all unserer Produktionsprozesse, insbesondere durch die Zertifizierungen nach ISO9001 und 9002.\",\"breadcrumb\":{\"@id\":\"https:\/\/www.decomatic-sa.fr\/de\/qualitaetsverpflichtung\/#breadcrumb\"},\"inLanguage\":\"de\",\"potentialAction\":[{\"@type\":\"ReadAction\",\"target\":[\"https:\/\/www.decomatic-sa.fr\/de\/qualitaetsverpflichtung\/\"]}]},{\"@type\":\"ImageObject\",\"inLanguage\":\"de\",\"@id\":\"https:\/\/www.decomatic-sa.fr\/de\/qualitaetsverpflichtung\/#primaryimage\",\"url\":\"https:\/\/www.decomatic-sa.fr\/wp-content\/uploads\/2021\/11\/Impression-de-qualite-2.jpg\",\"contentUrl\":\"https:\/\/www.decomatic-sa.fr\/wp-content\/uploads\/2021\/11\/Impression-de-qualite-2.jpg\",\"width\":500,\"height\":320,\"caption\":\"Qualit\u00e4tsdruck\"},{\"@type\":\"BreadcrumbList\",\"@id\":\"https:\/\/www.decomatic-sa.fr\/de\/qualitaetsverpflichtung\/#breadcrumb\",\"itemListElement\":[{\"@type\":\"ListItem\",\"position\":1,\"name\":\"Accueil\",\"item\":\"https:\/\/www.decomatic-sa.fr\/de\/\"},{\"@type\":\"ListItem\",\"position\":2,\"name\":\"Qualit\u00e4ts-verpflichtung\"}]},{\"@type\":\"WebSite\",\"@id\":\"https:\/\/www.decomatic-sa.fr\/#website\",\"url\":\"https:\/\/www.decomatic-sa.fr\/\",\"name\":\"d\u00e9comatic\",\"description\":\"\",\"publisher\":{\"@id\":\"https:\/\/www.decomatic-sa.fr\/#organization\"},\"potentialAction\":[{\"@type\":\"SearchAction\",\"target\":{\"@type\":\"EntryPoint\",\"urlTemplate\":\"https:\/\/www.decomatic-sa.fr\/?s={search_term_string}\"},\"query-input\":{\"@type\":\"PropertyValueSpecification\",\"valueRequired\":true,\"valueName\":\"search_term_string\"}}],\"inLanguage\":\"de\"},{\"@type\":\"Organization\",\"@id\":\"https:\/\/www.decomatic-sa.fr\/#organization\",\"name\":\"d\u00e9comatic sa\",\"url\":\"https:\/\/www.decomatic-sa.fr\/\",\"logo\":{\"@type\":\"ImageObject\",\"inLanguage\":\"de\",\"@id\":\"https:\/\/www.decomatic-sa.fr\/#\/schema\/logo\/image\/\",\"url\":\"https:\/\/www.decomatic-sa.fr\/wp-content\/uploads\/2021\/06\/logo.png\",\"contentUrl\":\"https:\/\/www.decomatic-sa.fr\/wp-content\/uploads\/2021\/06\/logo.png\",\"width\":400,\"height\":80,\"caption\":\"d\u00e9comatic sa\"},\"image\":{\"@id\":\"https:\/\/www.decomatic-sa.fr\/#\/schema\/logo\/image\/\"}}]}<\/script>\n<!-- \/ Yoast SEO plugin. -->","yoast_head_json":{"title":"Engagement f\u00fcr den Qualit\u00e4tsdruck von Sleeves und Etiketten","description":"Das Qualit\u00e4tsmanagement steht im Mittelpunkt all unserer Produktionsprozesse, insbesondere durch die Zertifizierungen nach ISO9001 und 9002.","robots":{"index":"index","follow":"follow","max-snippet":"max-snippet:-1","max-image-preview":"max-image-preview:large","max-video-preview":"max-video-preview:-1"},"canonical":"https:\/\/www.decomatic-sa.fr\/de\/qualitaetsverpflichtung\/","og_locale":"de_DE","og_type":"article","og_title":"Engagement f\u00fcr den Qualit\u00e4tsdruck von Sleeves und Etiketten","og_description":"Das Qualit\u00e4tsmanagement steht im Mittelpunkt all unserer Produktionsprozesse, insbesondere durch die Zertifizierungen nach ISO9001 und 9002.","og_url":"https:\/\/www.decomatic-sa.fr\/de\/qualitaetsverpflichtung\/","og_site_name":"d\u00e9comatic","article_modified_time":"2022-03-04T15:52:38+00:00","og_image":[{"width":500,"height":320,"url":"https:\/\/www.decomatic-sa.fr\/wp-content\/uploads\/2021\/11\/Impression-de-qualite-2.jpg","type":"image\/jpeg"}],"twitter_card":"summary_large_image","twitter_misc":{"Gesch\u00e4tzte Lesezeit":"1\u00a0Minute"},"schema":{"@context":"https:\/\/schema.org","@graph":[{"@type":"WebPage","@id":"https:\/\/www.decomatic-sa.fr\/de\/qualitaetsverpflichtung\/","url":"https:\/\/www.decomatic-sa.fr\/de\/qualitaetsverpflichtung\/","name":"Engagement f\u00fcr den Qualit\u00e4tsdruck von Sleeves und Etiketten","isPartOf":{"@id":"https:\/\/www.decomatic-sa.fr\/#website"},"primaryImageOfPage":{"@id":"https:\/\/www.decomatic-sa.fr\/de\/qualitaetsverpflichtung\/#primaryimage"},"image":{"@id":"https:\/\/www.decomatic-sa.fr\/de\/qualitaetsverpflichtung\/#primaryimage"},"thumbnailUrl":"https:\/\/www.decomatic-sa.fr\/wp-content\/uploads\/2021\/11\/Impression-de-qualite-2.jpg","datePublished":"2021-06-08T14:39:48+00:00","dateModified":"2022-03-04T15:52:38+00:00","description":"Das Qualit\u00e4tsmanagement steht im Mittelpunkt all unserer Produktionsprozesse, insbesondere durch die Zertifizierungen nach ISO9001 und 9002.","breadcrumb":{"@id":"https:\/\/www.decomatic-sa.fr\/de\/qualitaetsverpflichtung\/#breadcrumb"},"inLanguage":"de","potentialAction":[{"@type":"ReadAction","target":["https:\/\/www.decomatic-sa.fr\/de\/qualitaetsverpflichtung\/"]}]},{"@type":"ImageObject","inLanguage":"de","@id":"https:\/\/www.decomatic-sa.fr\/de\/qualitaetsverpflichtung\/#primaryimage","url":"https:\/\/www.decomatic-sa.fr\/wp-content\/uploads\/2021\/11\/Impression-de-qualite-2.jpg","contentUrl":"https:\/\/www.decomatic-sa.fr\/wp-content\/uploads\/2021\/11\/Impression-de-qualite-2.jpg","width":500,"height":320,"caption":"Qualit\u00e4tsdruck"},{"@type":"BreadcrumbList","@id":"https:\/\/www.decomatic-sa.fr\/de\/qualitaetsverpflichtung\/#breadcrumb","itemListElement":[{"@type":"ListItem","position":1,"name":"Accueil","item":"https:\/\/www.decomatic-sa.fr\/de\/"},{"@type":"ListItem","position":2,"name":"Qualit\u00e4ts-verpflichtung"}]},{"@type":"WebSite","@id":"https:\/\/www.decomatic-sa.fr\/#website","url":"https:\/\/www.decomatic-sa.fr\/","name":"d\u00e9comatic","description":"","publisher":{"@id":"https:\/\/www.decomatic-sa.fr\/#organization"},"potentialAction":[{"@type":"SearchAction","target":{"@type":"EntryPoint","urlTemplate":"https:\/\/www.decomatic-sa.fr\/?s={search_term_string}"},"query-input":{"@type":"PropertyValueSpecification","valueRequired":true,"valueName":"search_term_string"}}],"inLanguage":"de"},{"@type":"Organization","@id":"https:\/\/www.decomatic-sa.fr\/#organization","name":"d\u00e9comatic sa","url":"https:\/\/www.decomatic-sa.fr\/","logo":{"@type":"ImageObject","inLanguage":"de","@id":"https:\/\/www.decomatic-sa.fr\/#\/schema\/logo\/image\/","url":"https:\/\/www.decomatic-sa.fr\/wp-content\/uploads\/2021\/06\/logo.png","contentUrl":"https:\/\/www.decomatic-sa.fr\/wp-content\/uploads\/2021\/06\/logo.png","width":400,"height":80,"caption":"d\u00e9comatic sa"},"image":{"@id":"https:\/\/www.decomatic-sa.fr\/#\/schema\/logo\/image\/"}}]}},"_links":{"self":[{"href":"https:\/\/www.decomatic-sa.fr\/de\/wp-json\/wp\/v2\/pages\/11349","targetHints":{"allow":["GET"]}}],"collection":[{"href":"https:\/\/www.decomatic-sa.fr\/de\/wp-json\/wp\/v2\/pages"}],"about":[{"href":"https:\/\/www.decomatic-sa.fr\/de\/wp-json\/wp\/v2\/types\/page"}],"author":[{"embeddable":true,"href":"https:\/\/www.decomatic-sa.fr\/de\/wp-json\/wp\/v2\/users\/1"}],"replies":[{"embeddable":true,"href":"https:\/\/www.decomatic-sa.fr\/de\/wp-json\/wp\/v2\/comments?post=11349"}],"version-history":[{"count":23,"href":"https:\/\/www.decomatic-sa.fr\/de\/wp-json\/wp\/v2\/pages\/11349\/revisions"}],"predecessor-version":[{"id":15358,"href":"https:\/\/www.decomatic-sa.fr\/de\/wp-json\/wp\/v2\/pages\/11349\/revisions\/15358"}],"wp:featuredmedia":[{"embeddable":true,"href":"https:\/\/www.decomatic-sa.fr\/de\/wp-json\/wp\/v2\/media\/12099"}],"wp:attachment":[{"href":"https:\/\/www.decomatic-sa.fr\/de\/wp-json\/wp\/v2\/media?parent=11349"}],"curies":[{"name":"wp","href":"https:\/\/api.w.org\/{rel}","templated":true}]}}