{"id":11355,"date":"2021-06-08T16:40:47","date_gmt":"2021-06-08T14:40:47","guid":{"rendered":"https:\/\/www.decomatic-sa.fr\/rd-innovation\/"},"modified":"2022-01-13T11:58:51","modified_gmt":"2022-01-13T10:58:51","slug":"fe-innovation","status":"publish","type":"page","link":"https:\/\/www.decomatic-sa.fr\/de\/fe-innovation\/","title":{"rendered":"F&#038;E &#8211; Innovation"},"content":{"rendered":"\n<div class=\"wp-block-columns is-layout-flex wp-container-core-columns-is-layout-1 wp-block-columns-is-layout-flex\">\n<div class=\"wp-block-column is-layout-flow wp-block-column-is-layout-flow\">\n<h2 class=\"wp-block-heading\">Innovationen Etiketten und Patente<\/h2>\n\n\n\n<p>Die Entwicklung innovativer und erfolgreicher Modelle steht im Mittelpunkt unserer Ziele. Hier einige Beispiele f\u00fcr spezifische Entwicklungen von innovativen Produktetiketten:<\/p>\n<\/div>\n\n\n\n<div class=\"wp-block-column is-layout-flow wp-block-column-is-layout-flow\"><\/div>\n<\/div>\n\n\n\n<div class=\"wp-block-columns is-layout-flex wp-container-core-columns-is-layout-2 wp-block-columns-is-layout-flex\">\n<div class=\"wp-block-column is-layout-flow wp-block-column-is-layout-flow\">\n<h3 class=\"wp-block-heading\">JUMBO SLEEVE<\/h3>\n\n\n\n<p><strong>Dank der zus\u00e4tzlichen Klappen bietet diese Art von Stretch Sleeve, die mehrseitig ist, eine gr\u00f6\u00dfere Werbefl\u00e4che<\/strong>. (bis zu 200 % zus\u00e4tzlich).<\/p>\n\n\n\n<ul class=\"wp-block-list\"><li>Bewahrte Leichtigkeit beim Verlegen,<\/li><li>Spezialtinten, Auschnitte und repositionierbare Kleber sorgen f\u00fcr Abwechslung in der Pr\u00e4sentation.<\/li><\/ul>\n\n\n\n<p>Bevorzugte Verwendungen:<\/p>\n\n\n\n<ul class=\"wp-block-list\"><li>Marketing-, Werbe- oder Verkaufsf\u00f6rderungsma\u00dfnahmen auf abtrennbaren oder nicht abtrennbaren Gutscheinen<\/li><li>Spiele, Nachrichten, Rezepte, Anleitungen, Zertifikate etc.<\/li><li>Nutzungsbedingungen und beh\u00f6rdliche Dokumente<\/li><\/ul>\n<\/div>\n\n\n\n<div class=\"wp-block-column is-layout-flow wp-block-column-is-layout-flow\">\n<p class=\"has-text-align-left has-text-color\" style=\"color:#ff8200\"><strong>Dieses Produk ist zu finden in<\/strong><\/p>\n\n\n<div class=\"al-left\"><a href=\"https:\/\/www.decomatic-sa.fr\/de\/produits\/die-stretch-sleeves\/\" class=\"prod-a\"><div class=\"prod-img\"><img decoding=\"async\" loading=\"lazy\" src=\"https:\/\/www.decomatic-sa.fr\/wp-content\/uploads\/2021\/06\/Manchon-etirable-300x234.png\" alt=\"\" \/><\/div><strong><span>Stretch-Sleeves Etiketten<\/span><i class=\"uil-arrow-right\"><\/i><\/strong><\/a><\/div><\/div>\n<\/div>\n\n\n\n<div class=\"wp-block-columns is-layout-flex wp-container-core-columns-is-layout-3 wp-block-columns-is-layout-flex\">\n<div class=\"wp-block-column is-layout-flow wp-block-column-is-layout-flow\">\n<h3 class=\"wp-block-heading\">WASSERDICHTE BOOKLET ETIKETTEN<\/h3>\n\n\n\n<p><strong>Das wasserfeste Material und die wasserdichte Konstruktion machen das Booklet Etikett zu einer sicheren Sache.<\/strong><\/p>\n\n\n\n<p>Vorteile:<\/p>\n\n\n\n<ul class=\"wp-block-list\"><li>Geeignet f\u00fcr lange Au\u00dfenlager<\/li><li>Verl\u00e4ngerter Inhalt im Vergleich zu einem Standardetikett m\u00f6glich, mit 3 zus\u00e4tzlichen Seiten.<\/li><\/ul>\n<\/div>\n\n\n\n<div class=\"wp-block-column is-layout-flow wp-block-column-is-layout-flow\">\n<p class=\"has-text-align-left has-text-color\" style=\"color:#ff8200\"><strong>Dieses Produk ist zu finden in<\/strong><\/p>\n\n\n<div class=\"al-left\"><a href=\"https:\/\/www.decomatic-sa.fr\/de\/produits\/booklet-etiketten\/\" class=\"prod-a\"><div class=\"prod-img\"><img decoding=\"async\" loading=\"lazy\" src=\"https:\/\/www.decomatic-sa.fr\/wp-content\/uploads\/2021\/06\/impression-en-livret-300x234.png\" alt=\"\" \/><\/div><strong><span>Booklet-Etiketten<\/span><i class=\"uil-arrow-right\"><\/i><\/strong><\/a><\/div><\/div>\n<\/div>\n\n\n\n<div class=\"wp-block-columns is-layout-flex wp-container-core-columns-is-layout-4 wp-block-columns-is-layout-flex\">\n<div class=\"wp-block-column is-layout-flow wp-block-column-is-layout-flow\">\n<h3 class=\"wp-block-heading\">TASCHEN<\/h3>\n\n\n\n<p><strong>Unsere Taschen sind biobasiert und mit wasserbasierter Tinte bedruckt.<\/strong><\/p>\n\n\n\n<p>Unsere Briefumschl\u00e4ge und Versandtaschen sind Gegenstand st\u00e4ndiger Verbesserungen im Produktionsprozess und werden entsprechend dem Feedback unserer Kunden weiterentwickelt. Sie sind <strong>besonders sicher<\/strong> und werden vor allem im <strong>Medizin- und Bankensektor<\/strong> eingesetzt.<\/p>\n\n\n\n<p>Umweltbeobachtung und Innovation<br>Dies geschieht vor allem durch privilegierte Beziehungen zu unseren Kunden, wie z. B. medizinischen Analyselaboren, aber auch durch Vorschl\u00e4ge f\u00fcr Produktentwicklungen hin zu verantwortungsvolleren Materialien. <a href=\"https:\/\/www.decomatic-sa.fr\/de\/produits\/sicherheitsbriefumschlaege\/unzerreissbarer-briefumschlag\/\">Die aus Ethanol aus Zuckerrohr hergestellte und mit wasserbasierter Tinte bedruckte Tasche<\/a> ist ein gutes Beispiel f\u00fcr unsere st\u00e4ndige Antizipation der Kundenbed\u00fcrfnisse.<\/p>\n<\/div>\n\n\n\n<div class=\"wp-block-column is-layout-flow wp-block-column-is-layout-flow\">\n<p class=\"has-text-align-left has-text-color\" style=\"color:#ff8200\"><strong>Dieses Produk ist zu finden in<\/strong><\/p>\n\n\n<div class=\"al-left\"><a href=\"https:\/\/www.decomatic-sa.fr\/de\/produits\/sicherheitsbriefumschlaege\/\" class=\"prod-a\"><div class=\"prod-img\"><img decoding=\"async\" loading=\"lazy\" src=\"https:\/\/www.decomatic-sa.fr\/wp-content\/uploads\/2021\/06\/Pochette-Billets-compo-300x200.png\" alt=\"\" \/><\/div><strong><span>Sicherheitsbriefumschl\u00e4ge<\/span><i class=\"uil-arrow-right\"><\/i><\/strong><\/a><\/div>\n\n<div class=\"al-left\"><a href=\"https:\/\/www.decomatic-sa.fr\/de\/produits\/versandtaschen-fuer-medizinische-proben\/\" class=\"prod-a\"><div class=\"prod-img\"><img decoding=\"async\" loading=\"lazy\" src=\"https:\/\/www.decomatic-sa.fr\/wp-content\/uploads\/2021\/08\/Biobank-compo-300x200.png\" alt=\"\" \/><\/div><strong><span>Versandtaschen f\u00fcr medizinische Proben<\/span><i class=\"uil-arrow-right\"><\/i><\/strong><\/a><\/div><\/div>\n<\/div>\n\n\n\n<hr class=\"wp-block-separator has-text-color has-background is-style-wide\" style=\"background-color:#ff8200;color:#ff8200\"\/>\n\n\n\n<div class=\"wp-block-columns is-layout-flex wp-container-core-columns-is-layout-5 wp-block-columns-is-layout-flex\">\n<div class=\"wp-block-column is-layout-flow wp-block-column-is-layout-flow\"><div class=\"al-left\"><a href=\"https:\/\/www.decomatic-sa.fr\/de\/know-how\/\" class=\"btn\">Know-How<\/a><\/div><\/div>\n\n\n\n<div class=\"wp-block-column is-layout-flow wp-block-column-is-layout-flow\"><div class=\"al-left\"><a href=\"https:\/\/www.decomatic-sa.fr\/de\/produits\/sicherheitsbriefumschlaege\/briefumschlaege-fuer-bargeld\/\" class=\"btn\">Briefumschl\u00e4ge f\u00fcr Bargeld<\/a><\/div><\/div>\n<\/div>\n","protected":false},"excerpt":{"rendered":"<p>Innovationen Etiketten und Patente Die Entwicklung innovativer und erfolgreicher Modelle steht im Mittelpunkt unserer Ziele. Hier einige Beispiele f\u00fcr spezifische [&hellip;]<\/p>\n","protected":false},"author":1,"featured_media":12278,"parent":0,"menu_order":10,"comment_status":"closed","ping_status":"closed","template":"page-engagement.php","meta":{"footnotes":""},"class_list":["post-11355","page","type-page","status-publish","has-post-thumbnail","hentry"],"yoast_head":"<!-- This site is optimized with the Yoast SEO plugin v26.8 - https:\/\/yoast.com\/product\/yoast-seo-wordpress\/ -->\n<title>Innovationen f\u00fcr Sleeves und Klebeetiketten<\/title>\n<meta name=\"description\" content=\"Die Forschungs- und Entwicklungsabteilung von d\u00e9comatic S.A. tr\u00e4gt zur Entwicklung neuer Etikettenprodukte und zur Verbesserung der Herstellungsprozesse bei.\" \/>\n<meta name=\"robots\" content=\"index, follow, max-snippet:-1, max-image-preview:large, max-video-preview:-1\" \/>\n<link rel=\"canonical\" href=\"https:\/\/www.decomatic-sa.fr\/de\/fe-innovation\/\" \/>\n<meta property=\"og:locale\" content=\"de_DE\" \/>\n<meta property=\"og:type\" content=\"article\" \/>\n<meta property=\"og:title\" content=\"Innovationen f\u00fcr Sleeves und Klebeetiketten\" \/>\n<meta property=\"og:description\" content=\"Die Forschungs- und Entwicklungsabteilung von d\u00e9comatic S.A. tr\u00e4gt zur Entwicklung neuer Etikettenprodukte und zur Verbesserung der Herstellungsprozesse bei.\" \/>\n<meta property=\"og:url\" content=\"https:\/\/www.decomatic-sa.fr\/de\/fe-innovation\/\" \/>\n<meta property=\"og:site_name\" content=\"d\u00e9comatic\" \/>\n<meta property=\"article:modified_time\" content=\"2022-01-13T10:58:51+00:00\" \/>\n<meta property=\"og:image\" content=\"https:\/\/www.decomatic-sa.fr\/wp-content\/uploads\/2021\/11\/innovation-etiquette.jpg\" \/>\n\t<meta property=\"og:image:width\" content=\"500\" \/>\n\t<meta property=\"og:image:height\" content=\"333\" \/>\n\t<meta property=\"og:image:type\" content=\"image\/jpeg\" \/>\n<meta name=\"twitter:card\" content=\"summary_large_image\" \/>\n<meta name=\"twitter:label1\" content=\"Gesch\u00e4tzte Lesezeit\" \/>\n\t<meta name=\"twitter:data1\" content=\"1\u00a0Minute\" \/>\n<script type=\"application\/ld+json\" class=\"yoast-schema-graph\">{\"@context\":\"https:\/\/schema.org\",\"@graph\":[{\"@type\":\"WebPage\",\"@id\":\"https:\/\/www.decomatic-sa.fr\/de\/fe-innovation\/\",\"url\":\"https:\/\/www.decomatic-sa.fr\/de\/fe-innovation\/\",\"name\":\"Innovationen f\u00fcr Sleeves und Klebeetiketten\",\"isPartOf\":{\"@id\":\"https:\/\/www.decomatic-sa.fr\/#website\"},\"primaryImageOfPage\":{\"@id\":\"https:\/\/www.decomatic-sa.fr\/de\/fe-innovation\/#primaryimage\"},\"image\":{\"@id\":\"https:\/\/www.decomatic-sa.fr\/de\/fe-innovation\/#primaryimage\"},\"thumbnailUrl\":\"https:\/\/www.decomatic-sa.fr\/wp-content\/uploads\/2021\/11\/innovation-etiquette.jpg\",\"datePublished\":\"2021-06-08T14:40:47+00:00\",\"dateModified\":\"2022-01-13T10:58:51+00:00\",\"description\":\"Die Forschungs- und Entwicklungsabteilung von d\u00e9comatic S.A. tr\u00e4gt zur Entwicklung neuer Etikettenprodukte und zur Verbesserung der Herstellungsprozesse bei.\",\"breadcrumb\":{\"@id\":\"https:\/\/www.decomatic-sa.fr\/de\/fe-innovation\/#breadcrumb\"},\"inLanguage\":\"de\",\"potentialAction\":[{\"@type\":\"ReadAction\",\"target\":[\"https:\/\/www.decomatic-sa.fr\/de\/fe-innovation\/\"]}]},{\"@type\":\"ImageObject\",\"inLanguage\":\"de\",\"@id\":\"https:\/\/www.decomatic-sa.fr\/de\/fe-innovation\/#primaryimage\",\"url\":\"https:\/\/www.decomatic-sa.fr\/wp-content\/uploads\/2021\/11\/innovation-etiquette.jpg\",\"contentUrl\":\"https:\/\/www.decomatic-sa.fr\/wp-content\/uploads\/2021\/11\/innovation-etiquette.jpg\",\"width\":500,\"height\":333,\"caption\":\"innovation Klebeetiketten\"},{\"@type\":\"BreadcrumbList\",\"@id\":\"https:\/\/www.decomatic-sa.fr\/de\/fe-innovation\/#breadcrumb\",\"itemListElement\":[{\"@type\":\"ListItem\",\"position\":1,\"name\":\"Accueil\",\"item\":\"https:\/\/www.decomatic-sa.fr\/de\/\"},{\"@type\":\"ListItem\",\"position\":2,\"name\":\"F&#038;E &#8211; Innovation\"}]},{\"@type\":\"WebSite\",\"@id\":\"https:\/\/www.decomatic-sa.fr\/#website\",\"url\":\"https:\/\/www.decomatic-sa.fr\/\",\"name\":\"d\u00e9comatic\",\"description\":\"\",\"publisher\":{\"@id\":\"https:\/\/www.decomatic-sa.fr\/#organization\"},\"potentialAction\":[{\"@type\":\"SearchAction\",\"target\":{\"@type\":\"EntryPoint\",\"urlTemplate\":\"https:\/\/www.decomatic-sa.fr\/?s={search_term_string}\"},\"query-input\":{\"@type\":\"PropertyValueSpecification\",\"valueRequired\":true,\"valueName\":\"search_term_string\"}}],\"inLanguage\":\"de\"},{\"@type\":\"Organization\",\"@id\":\"https:\/\/www.decomatic-sa.fr\/#organization\",\"name\":\"d\u00e9comatic sa\",\"url\":\"https:\/\/www.decomatic-sa.fr\/\",\"logo\":{\"@type\":\"ImageObject\",\"inLanguage\":\"de\",\"@id\":\"https:\/\/www.decomatic-sa.fr\/#\/schema\/logo\/image\/\",\"url\":\"https:\/\/www.decomatic-sa.fr\/wp-content\/uploads\/2021\/06\/logo.png\",\"contentUrl\":\"https:\/\/www.decomatic-sa.fr\/wp-content\/uploads\/2021\/06\/logo.png\",\"width\":400,\"height\":80,\"caption\":\"d\u00e9comatic sa\"},\"image\":{\"@id\":\"https:\/\/www.decomatic-sa.fr\/#\/schema\/logo\/image\/\"}}]}<\/script>\n<!-- \/ Yoast SEO plugin. -->","yoast_head_json":{"title":"Innovationen f\u00fcr Sleeves und Klebeetiketten","description":"Die Forschungs- und Entwicklungsabteilung von d\u00e9comatic S.A. tr\u00e4gt zur Entwicklung neuer Etikettenprodukte und zur Verbesserung der Herstellungsprozesse bei.","robots":{"index":"index","follow":"follow","max-snippet":"max-snippet:-1","max-image-preview":"max-image-preview:large","max-video-preview":"max-video-preview:-1"},"canonical":"https:\/\/www.decomatic-sa.fr\/de\/fe-innovation\/","og_locale":"de_DE","og_type":"article","og_title":"Innovationen f\u00fcr Sleeves und Klebeetiketten","og_description":"Die Forschungs- und Entwicklungsabteilung von d\u00e9comatic S.A. tr\u00e4gt zur Entwicklung neuer Etikettenprodukte und zur Verbesserung der Herstellungsprozesse bei.","og_url":"https:\/\/www.decomatic-sa.fr\/de\/fe-innovation\/","og_site_name":"d\u00e9comatic","article_modified_time":"2022-01-13T10:58:51+00:00","og_image":[{"width":500,"height":333,"url":"https:\/\/www.decomatic-sa.fr\/wp-content\/uploads\/2021\/11\/innovation-etiquette.jpg","type":"image\/jpeg"}],"twitter_card":"summary_large_image","twitter_misc":{"Gesch\u00e4tzte Lesezeit":"1\u00a0Minute"},"schema":{"@context":"https:\/\/schema.org","@graph":[{"@type":"WebPage","@id":"https:\/\/www.decomatic-sa.fr\/de\/fe-innovation\/","url":"https:\/\/www.decomatic-sa.fr\/de\/fe-innovation\/","name":"Innovationen f\u00fcr Sleeves und Klebeetiketten","isPartOf":{"@id":"https:\/\/www.decomatic-sa.fr\/#website"},"primaryImageOfPage":{"@id":"https:\/\/www.decomatic-sa.fr\/de\/fe-innovation\/#primaryimage"},"image":{"@id":"https:\/\/www.decomatic-sa.fr\/de\/fe-innovation\/#primaryimage"},"thumbnailUrl":"https:\/\/www.decomatic-sa.fr\/wp-content\/uploads\/2021\/11\/innovation-etiquette.jpg","datePublished":"2021-06-08T14:40:47+00:00","dateModified":"2022-01-13T10:58:51+00:00","description":"Die Forschungs- und Entwicklungsabteilung von d\u00e9comatic S.A. tr\u00e4gt zur Entwicklung neuer Etikettenprodukte und zur Verbesserung der Herstellungsprozesse bei.","breadcrumb":{"@id":"https:\/\/www.decomatic-sa.fr\/de\/fe-innovation\/#breadcrumb"},"inLanguage":"de","potentialAction":[{"@type":"ReadAction","target":["https:\/\/www.decomatic-sa.fr\/de\/fe-innovation\/"]}]},{"@type":"ImageObject","inLanguage":"de","@id":"https:\/\/www.decomatic-sa.fr\/de\/fe-innovation\/#primaryimage","url":"https:\/\/www.decomatic-sa.fr\/wp-content\/uploads\/2021\/11\/innovation-etiquette.jpg","contentUrl":"https:\/\/www.decomatic-sa.fr\/wp-content\/uploads\/2021\/11\/innovation-etiquette.jpg","width":500,"height":333,"caption":"innovation Klebeetiketten"},{"@type":"BreadcrumbList","@id":"https:\/\/www.decomatic-sa.fr\/de\/fe-innovation\/#breadcrumb","itemListElement":[{"@type":"ListItem","position":1,"name":"Accueil","item":"https:\/\/www.decomatic-sa.fr\/de\/"},{"@type":"ListItem","position":2,"name":"F&#038;E &#8211; Innovation"}]},{"@type":"WebSite","@id":"https:\/\/www.decomatic-sa.fr\/#website","url":"https:\/\/www.decomatic-sa.fr\/","name":"d\u00e9comatic","description":"","publisher":{"@id":"https:\/\/www.decomatic-sa.fr\/#organization"},"potentialAction":[{"@type":"SearchAction","target":{"@type":"EntryPoint","urlTemplate":"https:\/\/www.decomatic-sa.fr\/?s={search_term_string}"},"query-input":{"@type":"PropertyValueSpecification","valueRequired":true,"valueName":"search_term_string"}}],"inLanguage":"de"},{"@type":"Organization","@id":"https:\/\/www.decomatic-sa.fr\/#organization","name":"d\u00e9comatic sa","url":"https:\/\/www.decomatic-sa.fr\/","logo":{"@type":"ImageObject","inLanguage":"de","@id":"https:\/\/www.decomatic-sa.fr\/#\/schema\/logo\/image\/","url":"https:\/\/www.decomatic-sa.fr\/wp-content\/uploads\/2021\/06\/logo.png","contentUrl":"https:\/\/www.decomatic-sa.fr\/wp-content\/uploads\/2021\/06\/logo.png","width":400,"height":80,"caption":"d\u00e9comatic sa"},"image":{"@id":"https:\/\/www.decomatic-sa.fr\/#\/schema\/logo\/image\/"}}]}},"_links":{"self":[{"href":"https:\/\/www.decomatic-sa.fr\/de\/wp-json\/wp\/v2\/pages\/11355","targetHints":{"allow":["GET"]}}],"collection":[{"href":"https:\/\/www.decomatic-sa.fr\/de\/wp-json\/wp\/v2\/pages"}],"about":[{"href":"https:\/\/www.decomatic-sa.fr\/de\/wp-json\/wp\/v2\/types\/page"}],"author":[{"embeddable":true,"href":"https:\/\/www.decomatic-sa.fr\/de\/wp-json\/wp\/v2\/users\/1"}],"replies":[{"embeddable":true,"href":"https:\/\/www.decomatic-sa.fr\/de\/wp-json\/wp\/v2\/comments?post=11355"}],"version-history":[{"count":26,"href":"https:\/\/www.decomatic-sa.fr\/de\/wp-json\/wp\/v2\/pages\/11355\/revisions"}],"predecessor-version":[{"id":14537,"href":"https:\/\/www.decomatic-sa.fr\/de\/wp-json\/wp\/v2\/pages\/11355\/revisions\/14537"}],"wp:featuredmedia":[{"embeddable":true,"href":"https:\/\/www.decomatic-sa.fr\/de\/wp-json\/wp\/v2\/media\/12278"}],"wp:attachment":[{"href":"https:\/\/www.decomatic-sa.fr\/de\/wp-json\/wp\/v2\/media?parent=11355"}],"curies":[{"name":"wp","href":"https:\/\/api.w.org\/{rel}","templated":true}]}}