{"id":11357,"date":"2021-06-08T16:39:25","date_gmt":"2021-06-08T14:39:25","guid":{"rendered":"https:\/\/www.decomatic-sa.fr\/recrutement\/"},"modified":"2023-02-28T14:35:51","modified_gmt":"2023-02-28T12:35:51","slug":"stellenangebote","status":"publish","type":"page","link":"https:\/\/www.decomatic-sa.fr\/de\/stellenangebote\/","title":{"rendered":"Stellenangebote"},"content":{"rendered":"\n<div class=\"wp-block-columns is-layout-flex wp-container-core-columns-is-layout-1 wp-block-columns-is-layout-flex\">\n<div class=\"wp-block-column is-layout-flow wp-block-column-is-layout-flow\"><div>\r\n    <div class=\"frame frame-blanc\">\r\n        <p>Im Zuge der Entwicklung seiner T\u00e4tigkeit bietet d\u00e9comatic daher regelm\u00e4\u00dfig:<\/p>\n<ul>\n<li>Stellenangebote, die vor allem unbefriestete Arbeitsvertr\u00e4ge sind<\/li>\n<li>Angebote f\u00fcr duale Ausbildungen<\/li>\n<li>Angebote f\u00fcr Praktika<\/li>\n<li>Betriebsbesichtigung, f\u00fcr Schulen<\/li>\n<\/ul>\n    <\/div>\r\n<\/div>\n\n<div class=\"wp-block-image\">\n<figure class=\"aligncenter size-large\"><img loading=\"lazy\" decoding=\"async\" width=\"1024\" height=\"768\" src=\"https:\/\/www.decomatic-sa.fr\/wp-content\/uploads\/2021\/12\/IMG_20211020_150622-1024x768.jpg\" alt=\"\" class=\"wp-image-13832\" srcset=\"https:\/\/www.decomatic-sa.fr\/wp-content\/uploads\/2021\/12\/IMG_20211020_150622-1024x768.jpg 1024w, https:\/\/www.decomatic-sa.fr\/wp-content\/uploads\/2021\/12\/IMG_20211020_150622-scaled-600x450.jpg 600w, https:\/\/www.decomatic-sa.fr\/wp-content\/uploads\/2021\/12\/IMG_20211020_150622-300x225.jpg 300w, https:\/\/www.decomatic-sa.fr\/wp-content\/uploads\/2021\/12\/IMG_20211020_150622-768x576.jpg 768w, https:\/\/www.decomatic-sa.fr\/wp-content\/uploads\/2021\/12\/IMG_20211020_150622-1536x1152.jpg 1536w, https:\/\/www.decomatic-sa.fr\/wp-content\/uploads\/2021\/12\/IMG_20211020_150622-2048x1536.jpg 2048w, https:\/\/www.decomatic-sa.fr\/wp-content\/uploads\/2021\/12\/IMG_20211020_150622-1440x1080.jpg 1440w\" sizes=\"auto, (max-width: 1024px) 100vw, 1024px\" \/><\/figure><\/div><\/div>\n\n\n\n<div class=\"wp-block-column is-layout-flow wp-block-column-is-layout-flow\">\n<h2 class=\"wp-block-heading\">Wirklich in unsere Einstellungspolitik eingebunden<\/h2>\n\n\n\n<p>Unser Engagement und der Respekt vor den Bewerbern materialisieren sich in drei Punkten:<\/p>\n\n\n\n<ol class=\"wp-block-list\" type=\"1\">\n<li><strong>Wir antworten auf alle Bewerbungen<\/strong>,  die unseren Angeboten entsprechen oder auf spontane Einsendungen.<\/li>\n\n\n\n<li><strong>Wir bilden jeden neuen Mitarbeiter<\/strong> im Sinne der Kernwerte des Unternehmens aus :\n<ol class=\"wp-block-list\">\n<li>Ethik<\/li>\n\n\n\n<li>Kundenzufriedenheit<\/li>\n\n\n\n<li>Umweltfreundlichkeit<\/li>\n\n\n\n<li>Optimale Sicherheit bei der Aus\u00fcbung der Aufgaben<\/li>\n<\/ol>\n<\/li>\n\n\n\n<li><strong>Wir halten uns an die geltenden Vorschriften<\/strong>, z.B:\n<ol class=\"wp-block-list\">\n<li>Die Allgemeine Datenschutzverordnung (DSGVO), die in unseren <a href=\"http:\/\/www.decomatic-sa.fr\/mentions-legales\/\">rechtlichen Hinweisen<\/a> aufgef\u00fchrt ist<\/li>\n\n\n\n<li>Informationen (auf franz\u00f6sisch) \u00fcber den Index f\u00fcr die <a href=\"https:\/\/travail-emploi.gouv.fr\/droit-du-travail\/egalite-professionnelle-discrimination-et-harcelement\/indexegapro\" target=\"_blank\" rel=\"noreferrer noopener\">Gleichstellung von Frauen und M\u00e4nnern<\/a> : im Jahr 2022 betr\u00e4gt sie 93 (im Jahr 2021 war sie 86).<\/li>\n<\/ol>\n<\/li>\n<\/ol>\n<\/div>\n<\/div>\n","protected":false},"excerpt":{"rendered":"<p>Wirklich in unsere Einstellungspolitik eingebunden Unser Engagement und der Respekt vor den Bewerbern materialisieren sich in drei Punkten:<\/p>\n","protected":false},"author":1,"featured_media":12188,"parent":0,"menu_order":10,"comment_status":"closed","ping_status":"closed","template":"page-engagement.php","meta":{"footnotes":""},"class_list":["post-11357","page","type-page","status-publish","has-post-thumbnail","hentry"],"yoast_head":"<!-- This site is optimized with the Yoast SEO plugin v26.8 - https:\/\/yoast.com\/product\/yoast-seo-wordpress\/ -->\n<title>Stellenangebote - decomatic<\/title>\n<meta name=\"description\" content=\"d\u00e9comatic, ein Unternehmen, die in La verpilli\u00e8re sitz, bietet regelm\u00e4\u00dfig Stellenangebote und Praktika an und nimmt Entdeckungsparcours der 8. und 9. Klasse auf.\" \/>\n<meta name=\"robots\" content=\"index, follow, max-snippet:-1, max-image-preview:large, max-video-preview:-1\" \/>\n<link rel=\"canonical\" href=\"https:\/\/www.decomatic-sa.fr\/de\/stellenangebote\/\" \/>\n<meta property=\"og:locale\" content=\"de_DE\" \/>\n<meta property=\"og:type\" content=\"article\" \/>\n<meta property=\"og:title\" content=\"Stellenangebote - decomatic\" \/>\n<meta property=\"og:description\" content=\"d\u00e9comatic, ein Unternehmen, die in La verpilli\u00e8re sitz, bietet regelm\u00e4\u00dfig Stellenangebote und Praktika an und nimmt Entdeckungsparcours der 8. und 9. Klasse auf.\" \/>\n<meta property=\"og:url\" content=\"https:\/\/www.decomatic-sa.fr\/de\/stellenangebote\/\" \/>\n<meta property=\"og:site_name\" content=\"d\u00e9comatic\" \/>\n<meta property=\"article:modified_time\" content=\"2023-02-28T12:35:51+00:00\" \/>\n<meta property=\"og:image\" content=\"https:\/\/www.decomatic-sa.fr\/wp-content\/uploads\/2021\/11\/Poignee-de-mains.jpg\" \/>\n\t<meta property=\"og:image:width\" content=\"461\" \/>\n\t<meta property=\"og:image:height\" content=\"251\" \/>\n\t<meta property=\"og:image:type\" content=\"image\/jpeg\" \/>\n<meta name=\"twitter:card\" content=\"summary_large_image\" \/>\n<meta name=\"twitter:label1\" content=\"Gesch\u00e4tzte Lesezeit\" \/>\n\t<meta name=\"twitter:data1\" content=\"1\u00a0Minute\" \/>\n<script type=\"application\/ld+json\" class=\"yoast-schema-graph\">{\"@context\":\"https:\/\/schema.org\",\"@graph\":[{\"@type\":\"WebPage\",\"@id\":\"https:\/\/www.decomatic-sa.fr\/de\/stellenangebote\/\",\"url\":\"https:\/\/www.decomatic-sa.fr\/de\/stellenangebote\/\",\"name\":\"Stellenangebote - decomatic\",\"isPartOf\":{\"@id\":\"https:\/\/www.decomatic-sa.fr\/de\/#website\"},\"primaryImageOfPage\":{\"@id\":\"https:\/\/www.decomatic-sa.fr\/de\/stellenangebote\/#primaryimage\"},\"image\":{\"@id\":\"https:\/\/www.decomatic-sa.fr\/de\/stellenangebote\/#primaryimage\"},\"thumbnailUrl\":\"https:\/\/www.decomatic-sa.fr\/wp-content\/uploads\/2021\/11\/Poignee-de-mains.jpg\",\"datePublished\":\"2021-06-08T14:39:25+00:00\",\"dateModified\":\"2023-02-28T12:35:51+00:00\",\"description\":\"d\u00e9comatic, ein Unternehmen, die in La verpilli\u00e8re sitz, bietet regelm\u00e4\u00dfig Stellenangebote und Praktika an und nimmt Entdeckungsparcours der 8. und 9. Klasse auf.\",\"breadcrumb\":{\"@id\":\"https:\/\/www.decomatic-sa.fr\/de\/stellenangebote\/#breadcrumb\"},\"inLanguage\":\"de\",\"potentialAction\":[{\"@type\":\"ReadAction\",\"target\":[\"https:\/\/www.decomatic-sa.fr\/de\/stellenangebote\/\"]}]},{\"@type\":\"ImageObject\",\"inLanguage\":\"de\",\"@id\":\"https:\/\/www.decomatic-sa.fr\/de\/stellenangebote\/#primaryimage\",\"url\":\"https:\/\/www.decomatic-sa.fr\/wp-content\/uploads\/2021\/11\/Poignee-de-mains.jpg\",\"contentUrl\":\"https:\/\/www.decomatic-sa.fr\/wp-content\/uploads\/2021\/11\/Poignee-de-mains.jpg\",\"width\":461,\"height\":251,\"caption\":\"Stellenangebote\"},{\"@type\":\"BreadcrumbList\",\"@id\":\"https:\/\/www.decomatic-sa.fr\/de\/stellenangebote\/#breadcrumb\",\"itemListElement\":[{\"@type\":\"ListItem\",\"position\":1,\"name\":\"Accueil\",\"item\":\"https:\/\/www.decomatic-sa.fr\/de\/\"},{\"@type\":\"ListItem\",\"position\":2,\"name\":\"Stellenangebote\"}]},{\"@type\":\"WebSite\",\"@id\":\"https:\/\/www.decomatic-sa.fr\/de\/#website\",\"url\":\"https:\/\/www.decomatic-sa.fr\/de\/\",\"name\":\"d\u00e9comatic\",\"description\":\"\",\"publisher\":{\"@id\":\"https:\/\/www.decomatic-sa.fr\/de\/#organization\"},\"potentialAction\":[{\"@type\":\"SearchAction\",\"target\":{\"@type\":\"EntryPoint\",\"urlTemplate\":\"https:\/\/www.decomatic-sa.fr\/de\/?s={search_term_string}\"},\"query-input\":{\"@type\":\"PropertyValueSpecification\",\"valueRequired\":true,\"valueName\":\"search_term_string\"}}],\"inLanguage\":\"de\"},{\"@type\":\"Organization\",\"@id\":\"https:\/\/www.decomatic-sa.fr\/de\/#organization\",\"name\":\"d\u00e9comatic sa\",\"url\":\"https:\/\/www.decomatic-sa.fr\/de\/\",\"logo\":{\"@type\":\"ImageObject\",\"inLanguage\":\"de\",\"@id\":\"https:\/\/www.decomatic-sa.fr\/de\/#\/schema\/logo\/image\/\",\"url\":\"https:\/\/www.decomatic-sa.fr\/wp-content\/uploads\/2021\/06\/logo.png\",\"contentUrl\":\"https:\/\/www.decomatic-sa.fr\/wp-content\/uploads\/2021\/06\/logo.png\",\"width\":400,\"height\":80,\"caption\":\"d\u00e9comatic sa\"},\"image\":{\"@id\":\"https:\/\/www.decomatic-sa.fr\/de\/#\/schema\/logo\/image\/\"}}]}<\/script>\n<!-- \/ Yoast SEO plugin. -->","yoast_head_json":{"title":"Stellenangebote - decomatic","description":"d\u00e9comatic, ein Unternehmen, die in La verpilli\u00e8re sitz, bietet regelm\u00e4\u00dfig Stellenangebote und Praktika an und nimmt Entdeckungsparcours der 8. und 9. Klasse auf.","robots":{"index":"index","follow":"follow","max-snippet":"max-snippet:-1","max-image-preview":"max-image-preview:large","max-video-preview":"max-video-preview:-1"},"canonical":"https:\/\/www.decomatic-sa.fr\/de\/stellenangebote\/","og_locale":"de_DE","og_type":"article","og_title":"Stellenangebote - decomatic","og_description":"d\u00e9comatic, ein Unternehmen, die in La verpilli\u00e8re sitz, bietet regelm\u00e4\u00dfig Stellenangebote und Praktika an und nimmt Entdeckungsparcours der 8. und 9. Klasse auf.","og_url":"https:\/\/www.decomatic-sa.fr\/de\/stellenangebote\/","og_site_name":"d\u00e9comatic","article_modified_time":"2023-02-28T12:35:51+00:00","og_image":[{"width":461,"height":251,"url":"https:\/\/www.decomatic-sa.fr\/wp-content\/uploads\/2021\/11\/Poignee-de-mains.jpg","type":"image\/jpeg"}],"twitter_card":"summary_large_image","twitter_misc":{"Gesch\u00e4tzte Lesezeit":"1\u00a0Minute"},"schema":{"@context":"https:\/\/schema.org","@graph":[{"@type":"WebPage","@id":"https:\/\/www.decomatic-sa.fr\/de\/stellenangebote\/","url":"https:\/\/www.decomatic-sa.fr\/de\/stellenangebote\/","name":"Stellenangebote - decomatic","isPartOf":{"@id":"https:\/\/www.decomatic-sa.fr\/de\/#website"},"primaryImageOfPage":{"@id":"https:\/\/www.decomatic-sa.fr\/de\/stellenangebote\/#primaryimage"},"image":{"@id":"https:\/\/www.decomatic-sa.fr\/de\/stellenangebote\/#primaryimage"},"thumbnailUrl":"https:\/\/www.decomatic-sa.fr\/wp-content\/uploads\/2021\/11\/Poignee-de-mains.jpg","datePublished":"2021-06-08T14:39:25+00:00","dateModified":"2023-02-28T12:35:51+00:00","description":"d\u00e9comatic, ein Unternehmen, die in La verpilli\u00e8re sitz, bietet regelm\u00e4\u00dfig Stellenangebote und Praktika an und nimmt Entdeckungsparcours der 8. und 9. Klasse auf.","breadcrumb":{"@id":"https:\/\/www.decomatic-sa.fr\/de\/stellenangebote\/#breadcrumb"},"inLanguage":"de","potentialAction":[{"@type":"ReadAction","target":["https:\/\/www.decomatic-sa.fr\/de\/stellenangebote\/"]}]},{"@type":"ImageObject","inLanguage":"de","@id":"https:\/\/www.decomatic-sa.fr\/de\/stellenangebote\/#primaryimage","url":"https:\/\/www.decomatic-sa.fr\/wp-content\/uploads\/2021\/11\/Poignee-de-mains.jpg","contentUrl":"https:\/\/www.decomatic-sa.fr\/wp-content\/uploads\/2021\/11\/Poignee-de-mains.jpg","width":461,"height":251,"caption":"Stellenangebote"},{"@type":"BreadcrumbList","@id":"https:\/\/www.decomatic-sa.fr\/de\/stellenangebote\/#breadcrumb","itemListElement":[{"@type":"ListItem","position":1,"name":"Accueil","item":"https:\/\/www.decomatic-sa.fr\/de\/"},{"@type":"ListItem","position":2,"name":"Stellenangebote"}]},{"@type":"WebSite","@id":"https:\/\/www.decomatic-sa.fr\/de\/#website","url":"https:\/\/www.decomatic-sa.fr\/de\/","name":"d\u00e9comatic","description":"","publisher":{"@id":"https:\/\/www.decomatic-sa.fr\/de\/#organization"},"potentialAction":[{"@type":"SearchAction","target":{"@type":"EntryPoint","urlTemplate":"https:\/\/www.decomatic-sa.fr\/de\/?s={search_term_string}"},"query-input":{"@type":"PropertyValueSpecification","valueRequired":true,"valueName":"search_term_string"}}],"inLanguage":"de"},{"@type":"Organization","@id":"https:\/\/www.decomatic-sa.fr\/de\/#organization","name":"d\u00e9comatic sa","url":"https:\/\/www.decomatic-sa.fr\/de\/","logo":{"@type":"ImageObject","inLanguage":"de","@id":"https:\/\/www.decomatic-sa.fr\/de\/#\/schema\/logo\/image\/","url":"https:\/\/www.decomatic-sa.fr\/wp-content\/uploads\/2021\/06\/logo.png","contentUrl":"https:\/\/www.decomatic-sa.fr\/wp-content\/uploads\/2021\/06\/logo.png","width":400,"height":80,"caption":"d\u00e9comatic sa"},"image":{"@id":"https:\/\/www.decomatic-sa.fr\/de\/#\/schema\/logo\/image\/"}}]}},"_links":{"self":[{"href":"https:\/\/www.decomatic-sa.fr\/de\/wp-json\/wp\/v2\/pages\/11357","targetHints":{"allow":["GET"]}}],"collection":[{"href":"https:\/\/www.decomatic-sa.fr\/de\/wp-json\/wp\/v2\/pages"}],"about":[{"href":"https:\/\/www.decomatic-sa.fr\/de\/wp-json\/wp\/v2\/types\/page"}],"author":[{"embeddable":true,"href":"https:\/\/www.decomatic-sa.fr\/de\/wp-json\/wp\/v2\/users\/1"}],"replies":[{"embeddable":true,"href":"https:\/\/www.decomatic-sa.fr\/de\/wp-json\/wp\/v2\/comments?post=11357"}],"version-history":[{"count":10,"href":"https:\/\/www.decomatic-sa.fr\/de\/wp-json\/wp\/v2\/pages\/11357\/revisions"}],"predecessor-version":[{"id":16842,"href":"https:\/\/www.decomatic-sa.fr\/de\/wp-json\/wp\/v2\/pages\/11357\/revisions\/16842"}],"wp:featuredmedia":[{"embeddable":true,"href":"https:\/\/www.decomatic-sa.fr\/de\/wp-json\/wp\/v2\/media\/12188"}],"wp:attachment":[{"href":"https:\/\/www.decomatic-sa.fr\/de\/wp-json\/wp\/v2\/media?parent=11357"}],"curies":[{"name":"wp","href":"https:\/\/api.w.org\/{rel}","templated":true}]}}