{"id":11729,"date":"2021-06-08T16:36:17","date_gmt":"2021-06-08T14:36:17","guid":{"rendered":"https:\/\/www.decomatic-sa.fr\/references\/"},"modified":"2021-12-10T16:40:06","modified_gmt":"2021-12-10T15:40:06","slug":"referenzen","status":"publish","type":"page","link":"https:\/\/www.decomatic-sa.fr\/de\/referenzen\/","title":{"rendered":"Referenzen"},"content":{"rendered":"\n<h2 class=\"wp-block-heading\">SIE VERTRAUEN UNS<\/h2>\n\n\n\n<div class=\"wp-block-columns is-layout-flex wp-container-core-columns-is-layout-4 wp-block-columns-is-layout-flex\">\n<div class=\"wp-block-column is-layout-flow wp-block-column-is-layout-flow\">\n<div class=\"wp-block-columns is-layout-flex wp-container-core-columns-is-layout-1 wp-block-columns-is-layout-flex\">\n<div class=\"wp-block-column is-layout-flow wp-block-column-is-layout-flow\">\n<div class=\"wp-block-image\"><figure class=\"aligncenter size-large\"><a href=\"http:\/\/www.ecolab.com\/\"><img loading=\"lazy\" decoding=\"async\" width=\"200\" height=\"200\" src=\"https:\/\/www.decomatic-sa.fr\/wp-content\/uploads\/2021\/07\/LOGO_ECOLAB.png\" alt=\"\" class=\"wp-image-10840\" srcset=\"https:\/\/www.decomatic-sa.fr\/wp-content\/uploads\/2021\/07\/LOGO_ECOLAB.png 200w, https:\/\/www.decomatic-sa.fr\/wp-content\/uploads\/2021\/07\/LOGO_ECOLAB-100x100.png 100w, https:\/\/www.decomatic-sa.fr\/wp-content\/uploads\/2021\/07\/LOGO_ECOLAB-150x150.png 150w\" sizes=\"auto, (max-width: 200px) 100vw, 200px\" \/><\/a><\/figure><\/div>\n<\/div>\n\n\n\n<div class=\"wp-block-column is-layout-flow wp-block-column-is-layout-flow\">\n<div class=\"wp-block-image\"><figure class=\"aligncenter size-large\"><a href=\"http:\/\/www.dupontdenemours.fr\/\"><img loading=\"lazy\" decoding=\"async\" width=\"200\" height=\"200\" src=\"https:\/\/www.decomatic-sa.fr\/wp-content\/uploads\/2021\/07\/logo_dupont.png\" alt=\"\" class=\"wp-image-10843\" srcset=\"https:\/\/www.decomatic-sa.fr\/wp-content\/uploads\/2021\/07\/logo_dupont.png 200w, https:\/\/www.decomatic-sa.fr\/wp-content\/uploads\/2021\/07\/logo_dupont-100x100.png 100w, https:\/\/www.decomatic-sa.fr\/wp-content\/uploads\/2021\/07\/logo_dupont-150x150.png 150w\" sizes=\"auto, (max-width: 200px) 100vw, 200px\" \/><\/a><\/figure><\/div>\n<\/div>\n<\/div>\n<\/div>\n\n\n\n<div class=\"wp-block-column is-layout-flow wp-block-column-is-layout-flow\">\n<div class=\"wp-block-columns is-layout-flex wp-container-core-columns-is-layout-2 wp-block-columns-is-layout-flex\">\n<div class=\"wp-block-column is-layout-flow wp-block-column-is-layout-flow\">\n<div class=\"wp-block-image\"><figure class=\"aligncenter size-large\"><a href=\"http:\/\/www.banquepopulaire.fr\/\"><img loading=\"lazy\" decoding=\"async\" width=\"200\" height=\"207\" src=\"https:\/\/www.decomatic-sa.fr\/wp-content\/uploads\/2021\/07\/LOGO_Banque_Populaire-1.png\" alt=\"\" class=\"wp-image-10846\"\/><\/a><\/figure><\/div>\n<\/div>\n\n\n\n<div class=\"wp-block-column is-layout-flow wp-block-column-is-layout-flow\">\n<div class=\"wp-block-image\"><figure class=\"aligncenter size-large\"><a href=\"http:\/\/www.antargaz.fr\/\"><img loading=\"lazy\" decoding=\"async\" width=\"200\" height=\"200\" src=\"https:\/\/www.decomatic-sa.fr\/wp-content\/uploads\/2021\/07\/logo_antargaz.png\" alt=\"\" class=\"wp-image-10849\" srcset=\"https:\/\/www.decomatic-sa.fr\/wp-content\/uploads\/2021\/07\/logo_antargaz.png 200w, https:\/\/www.decomatic-sa.fr\/wp-content\/uploads\/2021\/07\/logo_antargaz-100x100.png 100w, https:\/\/www.decomatic-sa.fr\/wp-content\/uploads\/2021\/07\/logo_antargaz-150x150.png 150w\" sizes=\"auto, (max-width: 200px) 100vw, 200px\" \/><\/a><\/figure><\/div>\n<\/div>\n<\/div>\n<\/div>\n\n\n\n<div class=\"wp-block-column is-layout-flow wp-block-column-is-layout-flow\">\n<div class=\"wp-block-columns is-layout-flex wp-container-core-columns-is-layout-3 wp-block-columns-is-layout-flex\">\n<div class=\"wp-block-column is-layout-flow wp-block-column-is-layout-flow\">\n<div class=\"wp-block-image\"><figure class=\"aligncenter size-large\"><a href=\"http:\/\/www.laposte.fr\/\"><img loading=\"lazy\" decoding=\"async\" width=\"200\" height=\"200\" src=\"https:\/\/www.decomatic-sa.fr\/wp-content\/uploads\/2021\/07\/logo_la_poste.jpg\" alt=\"\" class=\"wp-image-10852\" srcset=\"https:\/\/www.decomatic-sa.fr\/wp-content\/uploads\/2021\/07\/logo_la_poste.jpg 200w, https:\/\/www.decomatic-sa.fr\/wp-content\/uploads\/2021\/07\/logo_la_poste-100x100.jpg 100w, https:\/\/www.decomatic-sa.fr\/wp-content\/uploads\/2021\/07\/logo_la_poste-150x150.jpg 150w\" sizes=\"auto, (max-width: 200px) 100vw, 200px\" \/><\/a><\/figure><\/div>\n<\/div>\n\n\n\n<div class=\"wp-block-column is-layout-flow wp-block-column-is-layout-flow\">\n<div class=\"wp-block-image\"><figure class=\"aligncenter size-large\"><a href=\"http:\/\/www.sika.com\/\"><img loading=\"lazy\" decoding=\"async\" width=\"200\" height=\"200\" src=\"https:\/\/www.decomatic-sa.fr\/wp-content\/uploads\/2021\/07\/LOGO_SIKA.png\" alt=\"\" class=\"wp-image-10855\" srcset=\"https:\/\/www.decomatic-sa.fr\/wp-content\/uploads\/2021\/07\/LOGO_SIKA.png 200w, https:\/\/www.decomatic-sa.fr\/wp-content\/uploads\/2021\/07\/LOGO_SIKA-100x100.png 100w, https:\/\/www.decomatic-sa.fr\/wp-content\/uploads\/2021\/07\/LOGO_SIKA-150x150.png 150w\" sizes=\"auto, (max-width: 200px) 100vw, 200px\" \/><\/a><\/figure><\/div>\n<\/div>\n<\/div>\n<\/div>\n<\/div>\n\n\n\n<div class=\"wp-block-columns is-layout-flex wp-container-core-columns-is-layout-8 wp-block-columns-is-layout-flex\">\n<div class=\"wp-block-column is-layout-flow wp-block-column-is-layout-flow\">\n<div class=\"wp-block-columns is-layout-flex wp-container-core-columns-is-layout-5 wp-block-columns-is-layout-flex\">\n<div class=\"wp-block-column is-layout-flow wp-block-column-is-layout-flow\">\n<div class=\"wp-block-image\"><figure class=\"aligncenter size-large\"><a href=\"http:\/\/www.nufarm.com\/\"><img loading=\"lazy\" decoding=\"async\" width=\"200\" height=\"200\" src=\"https:\/\/www.decomatic-sa.fr\/wp-content\/uploads\/2021\/07\/LOGO_NUFARM.png\" alt=\"\" class=\"wp-image-10858\" srcset=\"https:\/\/www.decomatic-sa.fr\/wp-content\/uploads\/2021\/07\/LOGO_NUFARM.png 200w, https:\/\/www.decomatic-sa.fr\/wp-content\/uploads\/2021\/07\/LOGO_NUFARM-100x100.png 100w, https:\/\/www.decomatic-sa.fr\/wp-content\/uploads\/2021\/07\/LOGO_NUFARM-150x150.png 150w\" sizes=\"auto, (max-width: 200px) 100vw, 200px\" \/><\/a><\/figure><\/div>\n<\/div>\n\n\n\n<div class=\"wp-block-column is-layout-flow wp-block-column-is-layout-flow\">\n<div class=\"wp-block-image\"><figure class=\"aligncenter size-large\"><a href=\"http:\/\/www.chu-st-etienne.fr\/\"><img loading=\"lazy\" decoding=\"async\" width=\"200\" height=\"200\" src=\"https:\/\/www.decomatic-sa.fr\/wp-content\/uploads\/2021\/07\/Logo_CHU_ST_ETIENNE.png\" alt=\"\" class=\"wp-image-10861\" srcset=\"https:\/\/www.decomatic-sa.fr\/wp-content\/uploads\/2021\/07\/Logo_CHU_ST_ETIENNE.png 200w, https:\/\/www.decomatic-sa.fr\/wp-content\/uploads\/2021\/07\/Logo_CHU_ST_ETIENNE-100x100.png 100w, https:\/\/www.decomatic-sa.fr\/wp-content\/uploads\/2021\/07\/Logo_CHU_ST_ETIENNE-150x150.png 150w\" sizes=\"auto, (max-width: 200px) 100vw, 200px\" \/><\/a><\/figure><\/div>\n<\/div>\n<\/div>\n<\/div>\n\n\n\n<div class=\"wp-block-column is-layout-flow wp-block-column-is-layout-flow\">\n<div class=\"wp-block-columns is-layout-flex wp-container-core-columns-is-layout-6 wp-block-columns-is-layout-flex\">\n<div class=\"wp-block-column is-layout-flow wp-block-column-is-layout-flow\">\n<div class=\"wp-block-image\"><figure class=\"aligncenter size-large\"><a href=\"http:\/\/www.stc-nutrition.fr\/\"><img loading=\"lazy\" decoding=\"async\" width=\"200\" height=\"200\" src=\"https:\/\/www.decomatic-sa.fr\/wp-content\/uploads\/2021\/07\/LOGO_STC.png\" alt=\"\" class=\"wp-image-10864\" srcset=\"https:\/\/www.decomatic-sa.fr\/wp-content\/uploads\/2021\/07\/LOGO_STC.png 200w, https:\/\/www.decomatic-sa.fr\/wp-content\/uploads\/2021\/07\/LOGO_STC-100x100.png 100w, https:\/\/www.decomatic-sa.fr\/wp-content\/uploads\/2021\/07\/LOGO_STC-150x150.png 150w\" sizes=\"auto, (max-width: 200px) 100vw, 200px\" \/><\/a><\/figure><\/div>\n<\/div>\n\n\n\n<div class=\"wp-block-column is-layout-flow wp-block-column-is-layout-flow\">\n<div class=\"wp-block-image\"><figure class=\"aligncenter size-large\"><a href=\"http:\/\/www.diversey.com\/\"><img loading=\"lazy\" decoding=\"async\" width=\"200\" height=\"200\" src=\"https:\/\/www.decomatic-sa.fr\/wp-content\/uploads\/2021\/07\/LOGO_SEALEDAIR.png\" alt=\"\" class=\"wp-image-10867\" srcset=\"https:\/\/www.decomatic-sa.fr\/wp-content\/uploads\/2021\/07\/LOGO_SEALEDAIR.png 200w, https:\/\/www.decomatic-sa.fr\/wp-content\/uploads\/2021\/07\/LOGO_SEALEDAIR-100x100.png 100w, https:\/\/www.decomatic-sa.fr\/wp-content\/uploads\/2021\/07\/LOGO_SEALEDAIR-150x150.png 150w\" sizes=\"auto, (max-width: 200px) 100vw, 200px\" \/><\/a><\/figure><\/div>\n<\/div>\n<\/div>\n<\/div>\n\n\n\n<div class=\"wp-block-column is-layout-flow wp-block-column-is-layout-flow\">\n<div class=\"wp-block-columns is-layout-flex wp-container-core-columns-is-layout-7 wp-block-columns-is-layout-flex\">\n<div class=\"wp-block-column is-layout-flow wp-block-column-is-layout-flow\">\n<div class=\"wp-block-image\"><figure class=\"aligncenter size-large\"><a href=\"http:\/\/www.basf.com\/\"><img loading=\"lazy\" decoding=\"async\" width=\"176\" height=\"175\" src=\"https:\/\/www.decomatic-sa.fr\/wp-content\/uploads\/2021\/07\/BASF.jpg\" alt=\"\" class=\"wp-image-10870\" srcset=\"https:\/\/www.decomatic-sa.fr\/wp-content\/uploads\/2021\/07\/BASF.jpg 176w, https:\/\/www.decomatic-sa.fr\/wp-content\/uploads\/2021\/07\/BASF-100x100.jpg 100w, https:\/\/www.decomatic-sa.fr\/wp-content\/uploads\/2021\/07\/BASF-150x150.jpg 150w\" sizes=\"auto, (max-width: 176px) 100vw, 176px\" \/><\/a><\/figure><\/div>\n<\/div>\n\n\n\n<div class=\"wp-block-column is-layout-flow wp-block-column-is-layout-flow\">\n<div class=\"wp-block-image\"><figure class=\"aligncenter size-large\"><a href=\"http:\/\/www.decomatic-sa.fr\/references\/www.total.fr\"><img loading=\"lazy\" decoding=\"async\" width=\"200\" height=\"200\" src=\"https:\/\/www.decomatic-sa.fr\/wp-content\/uploads\/2021\/07\/logo-total.png\" alt=\"\" class=\"wp-image-10873\" srcset=\"https:\/\/www.decomatic-sa.fr\/wp-content\/uploads\/2021\/07\/logo-total.png 200w, https:\/\/www.decomatic-sa.fr\/wp-content\/uploads\/2021\/07\/logo-total-100x100.png 100w, https:\/\/www.decomatic-sa.fr\/wp-content\/uploads\/2021\/07\/logo-total-150x150.png 150w\" sizes=\"auto, (max-width: 200px) 100vw, 200px\" \/><\/a><\/figure><\/div>\n<\/div>\n<\/div>\n<\/div>\n<\/div>\n","protected":false},"excerpt":{"rendered":"<p>SIE VERTRAUEN UNS<\/p>\n","protected":false},"author":1,"featured_media":0,"parent":0,"menu_order":30,"comment_status":"closed","ping_status":"closed","template":"","meta":{"footnotes":""},"class_list":["post-11729","page","type-page","status-publish","hentry"],"yoast_head":"<!-- This site is optimized with the Yoast SEO plugin v26.8 - https:\/\/yoast.com\/product\/yoast-seo-wordpress\/ -->\n<title>Referenzen - d\u00e9comatic<\/title>\n<meta name=\"description\" content=\"Industriels, collectivit\u00e9s et banques font confiance aux enveloppes de s\u00e9curit\u00e9 et syst\u00e8mes d&#039;\u00e9tiquetage de d\u00e9comatic.\" \/>\n<meta name=\"robots\" content=\"index, follow, max-snippet:-1, max-image-preview:large, max-video-preview:-1\" \/>\n<link rel=\"canonical\" href=\"https:\/\/www.decomatic-sa.fr\/de\/referenzen\/\" \/>\n<meta property=\"og:locale\" content=\"de_DE\" \/>\n<meta property=\"og:type\" content=\"article\" \/>\n<meta property=\"og:title\" content=\"Referenzen - d\u00e9comatic\" \/>\n<meta property=\"og:description\" content=\"Industriels, collectivit\u00e9s et banques font confiance aux enveloppes de s\u00e9curit\u00e9 et syst\u00e8mes d&#039;\u00e9tiquetage de d\u00e9comatic.\" \/>\n<meta property=\"og:url\" content=\"https:\/\/www.decomatic-sa.fr\/de\/referenzen\/\" \/>\n<meta property=\"og:site_name\" content=\"d\u00e9comatic\" \/>\n<meta property=\"article:modified_time\" content=\"2021-12-10T15:40:06+00:00\" \/>\n<meta property=\"og:image\" content=\"https:\/\/www.decomatic-sa.fr\/wp-content\/uploads\/2021\/07\/LOGO_ECOLAB.png\" \/>\n<meta name=\"twitter:card\" content=\"summary_large_image\" \/>\n<meta name=\"twitter:label1\" content=\"Gesch\u00e4tzte Lesezeit\" \/>\n\t<meta name=\"twitter:data1\" content=\"3\u00a0Minuten\" \/>\n<script type=\"application\/ld+json\" class=\"yoast-schema-graph\">{\"@context\":\"https:\/\/schema.org\",\"@graph\":[{\"@type\":\"WebPage\",\"@id\":\"https:\/\/www.decomatic-sa.fr\/de\/referenzen\/\",\"url\":\"https:\/\/www.decomatic-sa.fr\/de\/referenzen\/\",\"name\":\"Referenzen - d\u00e9comatic\",\"isPartOf\":{\"@id\":\"https:\/\/www.decomatic-sa.fr\/de\/#website\"},\"primaryImageOfPage\":{\"@id\":\"https:\/\/www.decomatic-sa.fr\/de\/referenzen\/#primaryimage\"},\"image\":{\"@id\":\"https:\/\/www.decomatic-sa.fr\/de\/referenzen\/#primaryimage\"},\"thumbnailUrl\":\"https:\/\/www.decomatic-sa.fr\/wp-content\/uploads\/2021\/07\/LOGO_ECOLAB.png\",\"datePublished\":\"2021-06-08T14:36:17+00:00\",\"dateModified\":\"2021-12-10T15:40:06+00:00\",\"description\":\"Industriels, collectivit\u00e9s et banques font confiance aux enveloppes de s\u00e9curit\u00e9 et syst\u00e8mes d'\u00e9tiquetage de d\u00e9comatic.\",\"breadcrumb\":{\"@id\":\"https:\/\/www.decomatic-sa.fr\/de\/referenzen\/#breadcrumb\"},\"inLanguage\":\"de\",\"potentialAction\":[{\"@type\":\"ReadAction\",\"target\":[\"https:\/\/www.decomatic-sa.fr\/de\/referenzen\/\"]}]},{\"@type\":\"ImageObject\",\"inLanguage\":\"de\",\"@id\":\"https:\/\/www.decomatic-sa.fr\/de\/referenzen\/#primaryimage\",\"url\":\"https:\/\/www.decomatic-sa.fr\/wp-content\/uploads\/2021\/07\/LOGO_ECOLAB.png\",\"contentUrl\":\"https:\/\/www.decomatic-sa.fr\/wp-content\/uploads\/2021\/07\/LOGO_ECOLAB.png\"},{\"@type\":\"BreadcrumbList\",\"@id\":\"https:\/\/www.decomatic-sa.fr\/de\/referenzen\/#breadcrumb\",\"itemListElement\":[{\"@type\":\"ListItem\",\"position\":1,\"name\":\"Accueil\",\"item\":\"https:\/\/www.decomatic-sa.fr\/de\/\"},{\"@type\":\"ListItem\",\"position\":2,\"name\":\"Referenzen\"}]},{\"@type\":\"WebSite\",\"@id\":\"https:\/\/www.decomatic-sa.fr\/de\/#website\",\"url\":\"https:\/\/www.decomatic-sa.fr\/de\/\",\"name\":\"d\u00e9comatic\",\"description\":\"\",\"publisher\":{\"@id\":\"https:\/\/www.decomatic-sa.fr\/de\/#organization\"},\"potentialAction\":[{\"@type\":\"SearchAction\",\"target\":{\"@type\":\"EntryPoint\",\"urlTemplate\":\"https:\/\/www.decomatic-sa.fr\/de\/?s={search_term_string}\"},\"query-input\":{\"@type\":\"PropertyValueSpecification\",\"valueRequired\":true,\"valueName\":\"search_term_string\"}}],\"inLanguage\":\"de\"},{\"@type\":\"Organization\",\"@id\":\"https:\/\/www.decomatic-sa.fr\/de\/#organization\",\"name\":\"d\u00e9comatic sa\",\"url\":\"https:\/\/www.decomatic-sa.fr\/de\/\",\"logo\":{\"@type\":\"ImageObject\",\"inLanguage\":\"de\",\"@id\":\"https:\/\/www.decomatic-sa.fr\/de\/#\/schema\/logo\/image\/\",\"url\":\"https:\/\/www.decomatic-sa.fr\/wp-content\/uploads\/2021\/06\/logo.png\",\"contentUrl\":\"https:\/\/www.decomatic-sa.fr\/wp-content\/uploads\/2021\/06\/logo.png\",\"width\":400,\"height\":80,\"caption\":\"d\u00e9comatic sa\"},\"image\":{\"@id\":\"https:\/\/www.decomatic-sa.fr\/de\/#\/schema\/logo\/image\/\"}}]}<\/script>\n<!-- \/ Yoast SEO plugin. -->","yoast_head_json":{"title":"Referenzen - d\u00e9comatic","description":"Industriels, collectivit\u00e9s et banques font confiance aux enveloppes de s\u00e9curit\u00e9 et syst\u00e8mes d'\u00e9tiquetage de d\u00e9comatic.","robots":{"index":"index","follow":"follow","max-snippet":"max-snippet:-1","max-image-preview":"max-image-preview:large","max-video-preview":"max-video-preview:-1"},"canonical":"https:\/\/www.decomatic-sa.fr\/de\/referenzen\/","og_locale":"de_DE","og_type":"article","og_title":"Referenzen - d\u00e9comatic","og_description":"Industriels, collectivit\u00e9s et banques font confiance aux enveloppes de s\u00e9curit\u00e9 et syst\u00e8mes d'\u00e9tiquetage de d\u00e9comatic.","og_url":"https:\/\/www.decomatic-sa.fr\/de\/referenzen\/","og_site_name":"d\u00e9comatic","article_modified_time":"2021-12-10T15:40:06+00:00","og_image":[{"url":"https:\/\/www.decomatic-sa.fr\/wp-content\/uploads\/2021\/07\/LOGO_ECOLAB.png","type":"","width":"","height":""}],"twitter_card":"summary_large_image","twitter_misc":{"Gesch\u00e4tzte Lesezeit":"3\u00a0Minuten"},"schema":{"@context":"https:\/\/schema.org","@graph":[{"@type":"WebPage","@id":"https:\/\/www.decomatic-sa.fr\/de\/referenzen\/","url":"https:\/\/www.decomatic-sa.fr\/de\/referenzen\/","name":"Referenzen - d\u00e9comatic","isPartOf":{"@id":"https:\/\/www.decomatic-sa.fr\/de\/#website"},"primaryImageOfPage":{"@id":"https:\/\/www.decomatic-sa.fr\/de\/referenzen\/#primaryimage"},"image":{"@id":"https:\/\/www.decomatic-sa.fr\/de\/referenzen\/#primaryimage"},"thumbnailUrl":"https:\/\/www.decomatic-sa.fr\/wp-content\/uploads\/2021\/07\/LOGO_ECOLAB.png","datePublished":"2021-06-08T14:36:17+00:00","dateModified":"2021-12-10T15:40:06+00:00","description":"Industriels, collectivit\u00e9s et banques font confiance aux enveloppes de s\u00e9curit\u00e9 et syst\u00e8mes d'\u00e9tiquetage de d\u00e9comatic.","breadcrumb":{"@id":"https:\/\/www.decomatic-sa.fr\/de\/referenzen\/#breadcrumb"},"inLanguage":"de","potentialAction":[{"@type":"ReadAction","target":["https:\/\/www.decomatic-sa.fr\/de\/referenzen\/"]}]},{"@type":"ImageObject","inLanguage":"de","@id":"https:\/\/www.decomatic-sa.fr\/de\/referenzen\/#primaryimage","url":"https:\/\/www.decomatic-sa.fr\/wp-content\/uploads\/2021\/07\/LOGO_ECOLAB.png","contentUrl":"https:\/\/www.decomatic-sa.fr\/wp-content\/uploads\/2021\/07\/LOGO_ECOLAB.png"},{"@type":"BreadcrumbList","@id":"https:\/\/www.decomatic-sa.fr\/de\/referenzen\/#breadcrumb","itemListElement":[{"@type":"ListItem","position":1,"name":"Accueil","item":"https:\/\/www.decomatic-sa.fr\/de\/"},{"@type":"ListItem","position":2,"name":"Referenzen"}]},{"@type":"WebSite","@id":"https:\/\/www.decomatic-sa.fr\/de\/#website","url":"https:\/\/www.decomatic-sa.fr\/de\/","name":"d\u00e9comatic","description":"","publisher":{"@id":"https:\/\/www.decomatic-sa.fr\/de\/#organization"},"potentialAction":[{"@type":"SearchAction","target":{"@type":"EntryPoint","urlTemplate":"https:\/\/www.decomatic-sa.fr\/de\/?s={search_term_string}"},"query-input":{"@type":"PropertyValueSpecification","valueRequired":true,"valueName":"search_term_string"}}],"inLanguage":"de"},{"@type":"Organization","@id":"https:\/\/www.decomatic-sa.fr\/de\/#organization","name":"d\u00e9comatic sa","url":"https:\/\/www.decomatic-sa.fr\/de\/","logo":{"@type":"ImageObject","inLanguage":"de","@id":"https:\/\/www.decomatic-sa.fr\/de\/#\/schema\/logo\/image\/","url":"https:\/\/www.decomatic-sa.fr\/wp-content\/uploads\/2021\/06\/logo.png","contentUrl":"https:\/\/www.decomatic-sa.fr\/wp-content\/uploads\/2021\/06\/logo.png","width":400,"height":80,"caption":"d\u00e9comatic sa"},"image":{"@id":"https:\/\/www.decomatic-sa.fr\/de\/#\/schema\/logo\/image\/"}}]}},"_links":{"self":[{"href":"https:\/\/www.decomatic-sa.fr\/de\/wp-json\/wp\/v2\/pages\/11729","targetHints":{"allow":["GET"]}}],"collection":[{"href":"https:\/\/www.decomatic-sa.fr\/de\/wp-json\/wp\/v2\/pages"}],"about":[{"href":"https:\/\/www.decomatic-sa.fr\/de\/wp-json\/wp\/v2\/types\/page"}],"author":[{"embeddable":true,"href":"https:\/\/www.decomatic-sa.fr\/de\/wp-json\/wp\/v2\/users\/1"}],"replies":[{"embeddable":true,"href":"https:\/\/www.decomatic-sa.fr\/de\/wp-json\/wp\/v2\/comments?post=11729"}],"version-history":[{"count":2,"href":"https:\/\/www.decomatic-sa.fr\/de\/wp-json\/wp\/v2\/pages\/11729\/revisions"}],"predecessor-version":[{"id":13300,"href":"https:\/\/www.decomatic-sa.fr\/de\/wp-json\/wp\/v2\/pages\/11729\/revisions\/13300"}],"wp:attachment":[{"href":"https:\/\/www.decomatic-sa.fr\/de\/wp-json\/wp\/v2\/media?parent=11729"}],"curies":[{"name":"wp","href":"https:\/\/api.w.org\/{rel}","templated":true}]}}