{"id":17544,"date":"2023-08-22T10:51:38","date_gmt":"2023-08-22T08:51:38","guid":{"rendered":"https:\/\/www.decomatic-sa.fr\/?page_id=17544"},"modified":"2023-08-25T15:18:45","modified_gmt":"2023-08-25T13:18:45","slug":"die-stratus-packaging-group","status":"publish","type":"page","link":"https:\/\/www.decomatic-sa.fr\/de\/die-stratus-packaging-group\/","title":{"rendered":"DIE STRATUS PACKAGING GROUP"},"content":{"rendered":"\n<div class=\"wp-block-columns is-layout-flex wp-container-core-columns-is-layout-1 wp-block-columns-is-layout-flex\">\n<div class=\"wp-block-column is-layout-flow wp-block-column-is-layout-flow\" style=\"flex-basis:66.66%\">\n<p><strong><a href=\"https:\/\/www.stratuspackaging.com\/en\/the-group\/\">Die Stratus Packaging Group<\/a> geh\u00f6rt zu den f\u00fchrenden Herstellern von bedruckten Etiketten in Europa<\/strong>.<\/p>\n\n\n\n<p><strong>Mit 460 Mitarbeitern und einem Umsatz von 89,3 Millionen Euro integriert Stratus Packaging alle L\u00f6sungen f\u00fcr die Ausstattung Ihrer Produkte:<\/strong><\/p>\n\n\n\n<ul class=\"wp-block-list\">\n<li>Selbstklebende Etiketten (Booklet, abziehbare Coupons, mehrseitige Etiketten,\u2026),<\/li>\n\n\n\n<li>Schrumpfbare Sleeves,<\/li>\n\n\n\n<li>Stretch Sleeves,<\/li>\n\n\n\n<li>Iml ( In Mould Label).<\/li>\n<\/ul>\n\n\n\n<p>Durch die Schaffung einer industriellen Einheit mit sieben Produktionsst\u00e4tten in Frankreich, einer Tochtergesellschaft und einer Produktionsst\u00e4tte in der Schweiz hat die Stratus-Gruppe die effizientesten organisatorischen Verbindungen gesucht und gleichzeitig die Identit\u00e4t und Kultur der einzelnen Standorte bewahrt. <strong>Sie erweitert ihr Angebot und pr\u00e4sentiert ihren Kunden die breiteste Palette an Verkleidungs- und Serviceprodukten, die es auf dem Markt gibt.<\/strong><\/p>\n\n\n\n<p><strong>Umstrukturierung nach M\u00e4rkten<\/strong>: ma\u00dfgeschneiderter Service und Beratung. Technik und Know-how werden auf unseren M\u00e4rkten immer die wichtigsten Tr\u00fcmpfe bleiben. Doch was den Unterschied zwischen zwei Unternehmen ausmacht, ist oft die Qualit\u00e4t des Service und der Beratung, die dem Kunden geboten werden. Um unsere F\u00e4higkeit zu st\u00e4rken, die richtige Antwort zum richtigen Zeitpunkt zu geben, strukturieren wir unser Gesch\u00e4ft nach M\u00e4rkten.<\/p>\n\n\n\n<p class=\"has-orange-deco-color has-text-color\"><strong>4 M\u00e4rkte = 4 Identit\u00e4ten<\/strong><\/p>\n\n\n\n<figure class=\"wp-block-image size-full\"><img loading=\"lazy\" decoding=\"async\" width=\"563\" height=\"175\" src=\"https:\/\/www.decomatic-sa.fr\/wp-content\/uploads\/2023\/08\/Capture-9.png\" alt=\"\" class=\"wp-image-17549\" srcset=\"https:\/\/www.decomatic-sa.fr\/wp-content\/uploads\/2023\/08\/Capture-9.png 563w, https:\/\/www.decomatic-sa.fr\/wp-content\/uploads\/2023\/08\/Capture-9-300x93.png 300w, https:\/\/www.decomatic-sa.fr\/wp-content\/uploads\/2023\/08\/Capture-9-130x40.png 130w\" sizes=\"auto, (max-width: 563px) 100vw, 563px\" \/><\/figure>\n\n\n\n<p>Um jeden Markt zu unterscheiden, haben wir uns daf\u00fcr entschieden, ihm eine starke visuelle Identit\u00e4t mit einem bestimmten Farbcode zu geben. So k\u00f6nnen sich unsere Kunden sofort in diesen spezialisierten Umgebungen, die f\u00fcr sie geschaffen wurden, orientieren.<\/p>\n\n\n\n<p>Weitere Informationen finden Sie auf der <a href=\"https:\/\/www.stratuspackaging.com\/en\/\">Website von Stratus Packaging.<\/a><\/p>\n<\/div>\n\n\n\n<div class=\"wp-block-column is-layout-flow wp-block-column-is-layout-flow\" style=\"flex-basis:33.33%\">\n<figure class=\"wp-block-image size-full is-resized\"><img loading=\"lazy\" decoding=\"async\" src=\"https:\/\/www.decomatic-sa.fr\/wp-content\/uploads\/2023\/08\/stratus-carte-europe-contour-2023-4.png\" alt=\"\" class=\"wp-image-17545\" width=\"596\" height=\"692\" srcset=\"https:\/\/www.decomatic-sa.fr\/wp-content\/uploads\/2023\/08\/stratus-carte-europe-contour-2023-4.png 546w, https:\/\/www.decomatic-sa.fr\/wp-content\/uploads\/2023\/08\/stratus-carte-europe-contour-2023-4-258x300.png 258w, https:\/\/www.decomatic-sa.fr\/wp-content\/uploads\/2023\/08\/stratus-carte-europe-contour-2023-4-56x65.png 56w\" sizes=\"auto, (max-width: 596px) 100vw, 596px\" \/><\/figure>\n<\/div>\n<\/div>\n","protected":false},"excerpt":{"rendered":"<p>Die Stratus Packaging Group geh\u00f6rt zu den f\u00fchrenden Herstellern von bedruckten Etiketten in Europa. Mit 460 Mitarbeitern und einem Umsatz [&hellip;]<\/p>\n","protected":false},"author":4,"featured_media":0,"parent":0,"menu_order":0,"comment_status":"closed","ping_status":"closed","template":"","meta":{"footnotes":""},"class_list":["post-17544","page","type-page","status-publish","hentry"],"yoast_head":"<!-- This site is optimized with the Yoast SEO plugin v26.8 - https:\/\/yoast.com\/product\/yoast-seo-wordpress\/ -->\n<title>DIE STRATUS PACKAGING GROUP - d\u00e9comatic<\/title>\n<meta name=\"description\" content=\"Die Stratus Packaging Group geh\u00f6rt zu den f\u00fchrenden Herstellern von bedruckten Etiketten in Europa.Mit 460 Mitarbeitern und einem Umsatz\" \/>\n<meta name=\"robots\" content=\"index, follow, max-snippet:-1, max-image-preview:large, max-video-preview:-1\" \/>\n<link rel=\"canonical\" href=\"https:\/\/www.decomatic-sa.fr\/de\/die-stratus-packaging-group\/\" \/>\n<meta property=\"og:locale\" content=\"de_DE\" \/>\n<meta property=\"og:type\" content=\"article\" \/>\n<meta property=\"og:title\" content=\"DIE STRATUS PACKAGING GROUP - d\u00e9comatic\" \/>\n<meta property=\"og:description\" content=\"Die Stratus Packaging Group geh\u00f6rt zu den f\u00fchrenden Herstellern von bedruckten Etiketten in Europa.Mit 460 Mitarbeitern und einem Umsatz\" \/>\n<meta property=\"og:url\" content=\"https:\/\/www.decomatic-sa.fr\/de\/die-stratus-packaging-group\/\" \/>\n<meta property=\"og:site_name\" content=\"d\u00e9comatic\" \/>\n<meta property=\"article:modified_time\" content=\"2023-08-25T13:18:45+00:00\" \/>\n<meta property=\"og:image\" content=\"https:\/\/www.decomatic-sa.fr\/wp-content\/uploads\/2023\/08\/Capture-9.png\" \/>\n<meta name=\"twitter:card\" content=\"summary_large_image\" \/>\n<meta name=\"twitter:label1\" content=\"Gesch\u00e4tzte Lesezeit\" \/>\n\t<meta name=\"twitter:data1\" content=\"2\u00a0Minuten\" \/>\n<script type=\"application\/ld+json\" class=\"yoast-schema-graph\">{\"@context\":\"https:\/\/schema.org\",\"@graph\":[{\"@type\":\"WebPage\",\"@id\":\"https:\/\/www.decomatic-sa.fr\/de\/die-stratus-packaging-group\/\",\"url\":\"https:\/\/www.decomatic-sa.fr\/de\/die-stratus-packaging-group\/\",\"name\":\"DIE STRATUS PACKAGING GROUP - d\u00e9comatic\",\"isPartOf\":{\"@id\":\"https:\/\/www.decomatic-sa.fr\/de\/#website\"},\"primaryImageOfPage\":{\"@id\":\"https:\/\/www.decomatic-sa.fr\/de\/die-stratus-packaging-group\/#primaryimage\"},\"image\":{\"@id\":\"https:\/\/www.decomatic-sa.fr\/de\/die-stratus-packaging-group\/#primaryimage\"},\"thumbnailUrl\":\"https:\/\/www.decomatic-sa.fr\/wp-content\/uploads\/2023\/08\/Capture-9.png\",\"datePublished\":\"2023-08-22T08:51:38+00:00\",\"dateModified\":\"2023-08-25T13:18:45+00:00\",\"description\":\"Die Stratus Packaging Group geh\u00f6rt zu den f\u00fchrenden Herstellern von bedruckten Etiketten in Europa.Mit 460 Mitarbeitern und einem Umsatz\",\"breadcrumb\":{\"@id\":\"https:\/\/www.decomatic-sa.fr\/de\/die-stratus-packaging-group\/#breadcrumb\"},\"inLanguage\":\"de\",\"potentialAction\":[{\"@type\":\"ReadAction\",\"target\":[\"https:\/\/www.decomatic-sa.fr\/de\/die-stratus-packaging-group\/\"]}]},{\"@type\":\"ImageObject\",\"inLanguage\":\"de\",\"@id\":\"https:\/\/www.decomatic-sa.fr\/de\/die-stratus-packaging-group\/#primaryimage\",\"url\":\"https:\/\/www.decomatic-sa.fr\/wp-content\/uploads\/2023\/08\/Capture-9.png\",\"contentUrl\":\"https:\/\/www.decomatic-sa.fr\/wp-content\/uploads\/2023\/08\/Capture-9.png\"},{\"@type\":\"BreadcrumbList\",\"@id\":\"https:\/\/www.decomatic-sa.fr\/de\/die-stratus-packaging-group\/#breadcrumb\",\"itemListElement\":[{\"@type\":\"ListItem\",\"position\":1,\"name\":\"Accueil\",\"item\":\"https:\/\/www.decomatic-sa.fr\/de\/\"},{\"@type\":\"ListItem\",\"position\":2,\"name\":\"DIE STRATUS PACKAGING GROUP\"}]},{\"@type\":\"WebSite\",\"@id\":\"https:\/\/www.decomatic-sa.fr\/de\/#website\",\"url\":\"https:\/\/www.decomatic-sa.fr\/de\/\",\"name\":\"d\u00e9comatic\",\"description\":\"\",\"publisher\":{\"@id\":\"https:\/\/www.decomatic-sa.fr\/de\/#organization\"},\"potentialAction\":[{\"@type\":\"SearchAction\",\"target\":{\"@type\":\"EntryPoint\",\"urlTemplate\":\"https:\/\/www.decomatic-sa.fr\/de\/?s={search_term_string}\"},\"query-input\":{\"@type\":\"PropertyValueSpecification\",\"valueRequired\":true,\"valueName\":\"search_term_string\"}}],\"inLanguage\":\"de\"},{\"@type\":\"Organization\",\"@id\":\"https:\/\/www.decomatic-sa.fr\/de\/#organization\",\"name\":\"d\u00e9comatic sa\",\"url\":\"https:\/\/www.decomatic-sa.fr\/de\/\",\"logo\":{\"@type\":\"ImageObject\",\"inLanguage\":\"de\",\"@id\":\"https:\/\/www.decomatic-sa.fr\/de\/#\/schema\/logo\/image\/\",\"url\":\"https:\/\/www.decomatic-sa.fr\/wp-content\/uploads\/2021\/06\/logo.png\",\"contentUrl\":\"https:\/\/www.decomatic-sa.fr\/wp-content\/uploads\/2021\/06\/logo.png\",\"width\":400,\"height\":80,\"caption\":\"d\u00e9comatic sa\"},\"image\":{\"@id\":\"https:\/\/www.decomatic-sa.fr\/de\/#\/schema\/logo\/image\/\"}}]}<\/script>\n<!-- \/ Yoast SEO plugin. -->","yoast_head_json":{"title":"DIE STRATUS PACKAGING GROUP - d\u00e9comatic","description":"Die Stratus Packaging Group geh\u00f6rt zu den f\u00fchrenden Herstellern von bedruckten Etiketten in Europa.Mit 460 Mitarbeitern und einem Umsatz","robots":{"index":"index","follow":"follow","max-snippet":"max-snippet:-1","max-image-preview":"max-image-preview:large","max-video-preview":"max-video-preview:-1"},"canonical":"https:\/\/www.decomatic-sa.fr\/de\/die-stratus-packaging-group\/","og_locale":"de_DE","og_type":"article","og_title":"DIE STRATUS PACKAGING GROUP - d\u00e9comatic","og_description":"Die Stratus Packaging Group geh\u00f6rt zu den f\u00fchrenden Herstellern von bedruckten Etiketten in Europa.Mit 460 Mitarbeitern und einem Umsatz","og_url":"https:\/\/www.decomatic-sa.fr\/de\/die-stratus-packaging-group\/","og_site_name":"d\u00e9comatic","article_modified_time":"2023-08-25T13:18:45+00:00","og_image":[{"url":"https:\/\/www.decomatic-sa.fr\/wp-content\/uploads\/2023\/08\/Capture-9.png","type":"","width":"","height":""}],"twitter_card":"summary_large_image","twitter_misc":{"Gesch\u00e4tzte Lesezeit":"2\u00a0Minuten"},"schema":{"@context":"https:\/\/schema.org","@graph":[{"@type":"WebPage","@id":"https:\/\/www.decomatic-sa.fr\/de\/die-stratus-packaging-group\/","url":"https:\/\/www.decomatic-sa.fr\/de\/die-stratus-packaging-group\/","name":"DIE STRATUS PACKAGING GROUP - d\u00e9comatic","isPartOf":{"@id":"https:\/\/www.decomatic-sa.fr\/de\/#website"},"primaryImageOfPage":{"@id":"https:\/\/www.decomatic-sa.fr\/de\/die-stratus-packaging-group\/#primaryimage"},"image":{"@id":"https:\/\/www.decomatic-sa.fr\/de\/die-stratus-packaging-group\/#primaryimage"},"thumbnailUrl":"https:\/\/www.decomatic-sa.fr\/wp-content\/uploads\/2023\/08\/Capture-9.png","datePublished":"2023-08-22T08:51:38+00:00","dateModified":"2023-08-25T13:18:45+00:00","description":"Die Stratus Packaging Group geh\u00f6rt zu den f\u00fchrenden Herstellern von bedruckten Etiketten in Europa.Mit 460 Mitarbeitern und einem Umsatz","breadcrumb":{"@id":"https:\/\/www.decomatic-sa.fr\/de\/die-stratus-packaging-group\/#breadcrumb"},"inLanguage":"de","potentialAction":[{"@type":"ReadAction","target":["https:\/\/www.decomatic-sa.fr\/de\/die-stratus-packaging-group\/"]}]},{"@type":"ImageObject","inLanguage":"de","@id":"https:\/\/www.decomatic-sa.fr\/de\/die-stratus-packaging-group\/#primaryimage","url":"https:\/\/www.decomatic-sa.fr\/wp-content\/uploads\/2023\/08\/Capture-9.png","contentUrl":"https:\/\/www.decomatic-sa.fr\/wp-content\/uploads\/2023\/08\/Capture-9.png"},{"@type":"BreadcrumbList","@id":"https:\/\/www.decomatic-sa.fr\/de\/die-stratus-packaging-group\/#breadcrumb","itemListElement":[{"@type":"ListItem","position":1,"name":"Accueil","item":"https:\/\/www.decomatic-sa.fr\/de\/"},{"@type":"ListItem","position":2,"name":"DIE STRATUS PACKAGING GROUP"}]},{"@type":"WebSite","@id":"https:\/\/www.decomatic-sa.fr\/de\/#website","url":"https:\/\/www.decomatic-sa.fr\/de\/","name":"d\u00e9comatic","description":"","publisher":{"@id":"https:\/\/www.decomatic-sa.fr\/de\/#organization"},"potentialAction":[{"@type":"SearchAction","target":{"@type":"EntryPoint","urlTemplate":"https:\/\/www.decomatic-sa.fr\/de\/?s={search_term_string}"},"query-input":{"@type":"PropertyValueSpecification","valueRequired":true,"valueName":"search_term_string"}}],"inLanguage":"de"},{"@type":"Organization","@id":"https:\/\/www.decomatic-sa.fr\/de\/#organization","name":"d\u00e9comatic sa","url":"https:\/\/www.decomatic-sa.fr\/de\/","logo":{"@type":"ImageObject","inLanguage":"de","@id":"https:\/\/www.decomatic-sa.fr\/de\/#\/schema\/logo\/image\/","url":"https:\/\/www.decomatic-sa.fr\/wp-content\/uploads\/2021\/06\/logo.png","contentUrl":"https:\/\/www.decomatic-sa.fr\/wp-content\/uploads\/2021\/06\/logo.png","width":400,"height":80,"caption":"d\u00e9comatic sa"},"image":{"@id":"https:\/\/www.decomatic-sa.fr\/de\/#\/schema\/logo\/image\/"}}]}},"_links":{"self":[{"href":"https:\/\/www.decomatic-sa.fr\/de\/wp-json\/wp\/v2\/pages\/17544","targetHints":{"allow":["GET"]}}],"collection":[{"href":"https:\/\/www.decomatic-sa.fr\/de\/wp-json\/wp\/v2\/pages"}],"about":[{"href":"https:\/\/www.decomatic-sa.fr\/de\/wp-json\/wp\/v2\/types\/page"}],"author":[{"embeddable":true,"href":"https:\/\/www.decomatic-sa.fr\/de\/wp-json\/wp\/v2\/users\/4"}],"replies":[{"embeddable":true,"href":"https:\/\/www.decomatic-sa.fr\/de\/wp-json\/wp\/v2\/comments?post=17544"}],"version-history":[{"count":5,"href":"https:\/\/www.decomatic-sa.fr\/de\/wp-json\/wp\/v2\/pages\/17544\/revisions"}],"predecessor-version":[{"id":17602,"href":"https:\/\/www.decomatic-sa.fr\/de\/wp-json\/wp\/v2\/pages\/17544\/revisions\/17602"}],"wp:attachment":[{"href":"https:\/\/www.decomatic-sa.fr\/de\/wp-json\/wp\/v2\/media?parent=17544"}],"curies":[{"name":"wp","href":"https:\/\/api.w.org\/{rel}","templated":true}]}}