{"id":11352,"date":"2021-06-08T16:39:59","date_gmt":"2021-06-08T14:39:59","guid":{"rendered":"https:\/\/www.decomatic-sa.fr\/environnement\/"},"modified":"2025-11-13T10:53:08","modified_gmt":"2025-11-13T08:53:08","slug":"environnement","status":"publish","type":"page","link":"https:\/\/www.decomatic-sa.fr\/en\/environnement\/","title":{"rendered":"Environmental commitment"},"content":{"rendered":"\n<div class=\"wp-block-columns is-layout-flex wp-container-core-columns-is-layout-1 wp-block-columns-is-layout-flex\">\n<div class=\"wp-block-column is-layout-flow wp-block-column-is-layout-flow\">\n<h2 class=\"wp-block-heading\">KNOWING ITS ENVIRONMENTAL IMPACT&nbsp;: OUR CARBON BALANCE<\/h2>\n\n\n\n<p>decomatic followed its environmental approach by realizing <strong>its first carbon balance in 2009. Carbon balance<\/strong> is a method of accounting for greenhouse gas emissions. It allows a good assessment of direct emissions induced by our activity.<\/p>\n\n\n\n<p><strong>This periodical balance participates in the quantification of the ecological impact.<\/strong><\/p>\n<\/div>\n\n\n\n<div class=\"wp-block-column is-layout-flow wp-block-column-is-layout-flow\"><div>\r\n    <div class=\"frame frame-blanc\">\r\n        <p>The complete integration of our printing process is realized by taking into account <strong>ambitious elimination processes such as COV rejections and aqueous rejections removal\u00a0:<\/strong><\/p>\n<ul>\n<li>Use of watery based ink in the production line<\/li>\n<li>Laser cleaning<\/li>\n<li>Carbon balance<\/li>\n<li>Fire retention basin taking wildlife into account<\/li>\n<li>Installation of beehives, flowery fallow, insect hotel<\/li>\n<\/ul>\n    <\/div>\r\n<\/div><\/div>\n<\/div>\n\n\n\n<figure class=\"wp-block-video\"><video controls src=\"https:\/\/www.decomatic-sa.fr\/wp-content\/uploads\/2021\/06\/small.mp4\"><\/video><\/figure>\n\n\n\n<div class=\"wp-block-columns is-layout-flex wp-container-core-columns-is-layout-2 wp-block-columns-is-layout-flex\">\n<div class=\"wp-block-column is-layout-flow wp-block-column-is-layout-flow\"><div>\r\n    <div class=\"frame frame-i frame-blanc\">\r\n        <img decoding=\"async\" loading=\"lazy\" src=\"https:\/\/www.decomatic-sa.fr\/wp-content\/uploads\/2021\/07\/bee.jpg\" alt=\"bee\" \/><div><p>In 2019, decomatic obtained the <strong>Action Bourbre Responsible<\/strong> label once again thanks to its thermographic actions \u2013 energy saving and insulation.<\/p>\n<p><strong>BeE<\/strong> (Bourbre Entreprises Environnement) is a 1901 law association at the heart of environmental issues. By designing the \u201cResponsible Bourbre Action\u201d charter, it is working to <strong>unite and bring together companies in the Bourbre basin on the territory&#8217;s current challenges in terms of sustainable development<\/strong>.<\/p>\n<\/div>    <\/div>\r\n<\/div><\/div>\n\n\n\n<div class=\"wp-block-column is-layout-flow wp-block-column-is-layout-flow\"><div>\r\n    <div class=\"frame frame-i frame-blanc\">\r\n        <img decoding=\"async\" loading=\"lazy\" src=\"https:\/\/www.decomatic-sa.fr\/wp-content\/uploads\/2021\/07\/imprimvert.png\" alt=\"imprimvert\" \/><div><p><strong>Imprim\u2019Vert Rh\u00f4nes Alpes<\/strong> is an operation set up by the Chamber of Trades and the Chamber of Commerce and Industry, in partnership with the Patronal Syndicate of Printing and Graphic Communication, with the Auvergne Rh\u00f4ne-Alpes Regional Council and with the ADEME.<\/p>\n<p>The goal is <strong>identify printers assuring a good industrial special waste management<\/strong> and veryfying that CMR (Carcinogens Mutagens Reprotoxic) products are well valorized and eliminated in agregated centers.<\/p>\n<\/div>    <\/div>\r\n<\/div>\n\n<div class=\"wp-block-image\">\n<figure class=\"aligncenter size-full\"><img loading=\"lazy\" decoding=\"async\" width=\"425\" height=\"573\" src=\"https:\/\/www.decomatic-sa.fr\/wp-content\/uploads\/2021\/11\/Packaging-developpement-durable.jpg\" alt=\"Packaging d\u00e9veloppement durable\" class=\"wp-image-12080\" srcset=\"https:\/\/www.decomatic-sa.fr\/wp-content\/uploads\/2021\/11\/Packaging-developpement-durable.jpg 425w, https:\/\/www.decomatic-sa.fr\/wp-content\/uploads\/2021\/11\/Packaging-developpement-durable-223x300.jpg 223w\" sizes=\"auto, (max-width: 425px) 100vw, 425px\" \/><\/figure><\/div><\/div>\n<\/div>\n\n\n\n<div class=\"wp-block-columns is-layout-flex wp-container-core-columns-is-layout-3 wp-block-columns-is-layout-flex\">\n<div class=\"wp-block-column is-layout-flow wp-block-column-is-layout-flow\">\n<h2 class=\"wp-block-heading\">SUSTAINABLE DEVELOPMENT PACKAGING<\/h2>\n\n\n\n<p>Innovative packaging created by decomatic are also designed to limitate their ecological footprint. For this reason, they answer to two major caracteristics:<\/p>\n<\/div>\n\n\n\n<div class=\"wp-block-column is-layout-flow wp-block-column-is-layout-flow\"><\/div>\n<\/div>\n\n\n\n<div class=\"wp-block-columns is-layout-flex wp-container-core-columns-is-layout-6 wp-block-columns-is-layout-flex\">\n<div class=\"wp-block-column is-layout-flow wp-block-column-is-layout-flow\">\n<div class=\"wp-block-columns is-layout-flex wp-container-core-columns-is-layout-4 wp-block-columns-is-layout-flex\">\n<div class=\"wp-block-column is-layout-flow wp-block-column-is-layout-flow\">\n<figure class=\"wp-block-image size-large\"><img loading=\"lazy\" decoding=\"async\" width=\"87\" height=\"95\" src=\"https:\/\/www.decomatic-sa.fr\/wp-content\/uploads\/2021\/07\/poly.png\" alt=\"\" class=\"wp-image-10580\"\/><\/figure>\n<\/div>\n\n\n\n<div class=\"wp-block-column is-layout-flow wp-block-column-is-layout-flow\">\n<p>They are designed with 85% biosourced polyethylene<\/p>\n<\/div>\n<\/div>\n<\/div>\n\n\n\n<div class=\"wp-block-column is-layout-flow wp-block-column-is-layout-flow\">\n<div class=\"wp-block-columns is-layout-flex wp-container-core-columns-is-layout-5 wp-block-columns-is-layout-flex\">\n<div class=\"wp-block-column is-layout-flow wp-block-column-is-layout-flow\">\n<figure class=\"wp-block-image size-large\"><img loading=\"lazy\" decoding=\"async\" width=\"99\" height=\"99\" src=\"https:\/\/www.decomatic-sa.fr\/wp-content\/uploads\/2021\/07\/encre-eau.jpg\" alt=\"\" class=\"wp-image-10574\"\/><\/figure>\n<\/div>\n\n\n\n<div class=\"wp-block-column is-layout-flow wp-block-column-is-layout-flow\">\n<p>All our printed labels and sleeves are 100% made of watery based ink (solvent-free printing)<\/p>\n<\/div>\n<\/div>\n<\/div>\n<\/div>\n\n\n\n<hr class=\"wp-block-separator has-text-color has-css-opacity has-background is-style-wide\" style=\"background-color:#ff8200;color:#ff8200\"\/>\n\n\n\n<h2 class=\"wp-block-heading\">DISCOVER OUR OTHER COMMITMENTS<\/h2>\n\n\n\n<div class=\"wp-block-columns is-layout-flex wp-container-core-columns-is-layout-7 wp-block-columns-is-layout-flex\">\n<div class=\"wp-block-column is-layout-flow wp-block-column-is-layout-flow\"><div class=\"al-left\"><a href=\"https:\/\/www.decomatic-sa.fr\/en\/qualite\/\" class=\"btn\">Quality commitment<\/a><\/div><\/div>\n\n\n\n<div class=\"wp-block-column is-layout-flow wp-block-column-is-layout-flow\"><div class=\"al-left\"><a href=\"https:\/\/www.decomatic-sa.fr\/en\/rse-developpement-durable\/\" class=\"btn\">CSR and Sustainable Development<\/a><\/div><\/div>\n<\/div>\n","protected":false},"excerpt":{"rendered":"<p>KNOWING ITS ENVIRONMENTAL IMPACT&nbsp;: OUR CARBON BALANCE decomatic followed its environmental approach by realizing its first carbon balance in 2009. [&hellip;]<\/p>\n","protected":false},"author":1,"featured_media":12086,"parent":0,"menu_order":10,"comment_status":"closed","ping_status":"closed","template":"page-engagement.php","meta":{"footnotes":""},"class_list":["post-11352","page","type-page","status-publish","has-post-thumbnail","hentry"],"yoast_head":"<!-- This site is optimized with the Yoast SEO plugin v26.8 - https:\/\/yoast.com\/product\/yoast-seo-wordpress\/ -->\n<title>Packaging d\u00e9veloppement durable : des d\u00e9marches d\u2019entreprise significatives<\/title>\n<meta name=\"description\" content=\"L\u2019int\u00e9gration du process d\u2019impression permet \u00e0 d\u00e9comatic la totale ma\u00eetrise de son impact environnemental.\" \/>\n<meta name=\"robots\" content=\"index, follow, max-snippet:-1, max-image-preview:large, max-video-preview:-1\" \/>\n<link rel=\"canonical\" href=\"https:\/\/www.decomatic-sa.fr\/en\/environnement\/\" \/>\n<meta property=\"og:locale\" content=\"en_US\" \/>\n<meta property=\"og:type\" content=\"article\" \/>\n<meta property=\"og:title\" content=\"Packaging d\u00e9veloppement durable : des d\u00e9marches d\u2019entreprise significatives\" \/>\n<meta property=\"og:description\" content=\"L\u2019int\u00e9gration du process d\u2019impression permet \u00e0 d\u00e9comatic la totale ma\u00eetrise de son impact environnemental.\" \/>\n<meta property=\"og:url\" content=\"https:\/\/www.decomatic-sa.fr\/en\/environnement\/\" \/>\n<meta property=\"og:site_name\" content=\"d\u00e9comatic\" \/>\n<meta property=\"article:modified_time\" content=\"2025-11-13T08:53:08+00:00\" \/>\n<meta property=\"og:image\" content=\"https:\/\/www.decomatic-sa.fr\/wp-content\/uploads\/2021\/11\/Engagement-environnemental-1.jpg\" \/>\n\t<meta property=\"og:image:width\" content=\"461\" \/>\n\t<meta property=\"og:image:height\" content=\"307\" \/>\n\t<meta property=\"og:image:type\" content=\"image\/jpeg\" \/>\n<meta name=\"twitter:card\" content=\"summary_large_image\" \/>\n<meta name=\"twitter:label1\" content=\"Est. reading time\" \/>\n\t<meta name=\"twitter:data1\" content=\"2 minutes\" \/>\n<script type=\"application\/ld+json\" class=\"yoast-schema-graph\">{\"@context\":\"https:\/\/schema.org\",\"@graph\":[{\"@type\":\"WebPage\",\"@id\":\"https:\/\/www.decomatic-sa.fr\/en\/environnement\/\",\"url\":\"https:\/\/www.decomatic-sa.fr\/en\/environnement\/\",\"name\":\"Packaging d\u00e9veloppement durable : des d\u00e9marches d\u2019entreprise significatives\",\"isPartOf\":{\"@id\":\"https:\/\/www.decomatic-sa.fr\/#website\"},\"primaryImageOfPage\":{\"@id\":\"https:\/\/www.decomatic-sa.fr\/en\/environnement\/#primaryimage\"},\"image\":{\"@id\":\"https:\/\/www.decomatic-sa.fr\/en\/environnement\/#primaryimage\"},\"thumbnailUrl\":\"https:\/\/www.decomatic-sa.fr\/wp-content\/uploads\/2021\/11\/Engagement-environnemental-1.jpg\",\"datePublished\":\"2021-06-08T14:39:59+00:00\",\"dateModified\":\"2025-11-13T08:53:08+00:00\",\"description\":\"L\u2019int\u00e9gration du process d\u2019impression permet \u00e0 d\u00e9comatic la totale ma\u00eetrise de son impact environnemental.\",\"breadcrumb\":{\"@id\":\"https:\/\/www.decomatic-sa.fr\/en\/environnement\/#breadcrumb\"},\"inLanguage\":\"en-US\",\"potentialAction\":[{\"@type\":\"ReadAction\",\"target\":[\"https:\/\/www.decomatic-sa.fr\/en\/environnement\/\"]}]},{\"@type\":\"ImageObject\",\"inLanguage\":\"en-US\",\"@id\":\"https:\/\/www.decomatic-sa.fr\/en\/environnement\/#primaryimage\",\"url\":\"https:\/\/www.decomatic-sa.fr\/wp-content\/uploads\/2021\/11\/Engagement-environnemental-1.jpg\",\"contentUrl\":\"https:\/\/www.decomatic-sa.fr\/wp-content\/uploads\/2021\/11\/Engagement-environnemental-1.jpg\",\"width\":461,\"height\":307,\"caption\":\"Engagement environnemental\"},{\"@type\":\"BreadcrumbList\",\"@id\":\"https:\/\/www.decomatic-sa.fr\/en\/environnement\/#breadcrumb\",\"itemListElement\":[{\"@type\":\"ListItem\",\"position\":1,\"name\":\"Home\",\"item\":\"https:\/\/www.decomatic-sa.fr\/en\/\"},{\"@type\":\"ListItem\",\"position\":2,\"name\":\"Environmental commitment\"}]},{\"@type\":\"WebSite\",\"@id\":\"https:\/\/www.decomatic-sa.fr\/#website\",\"url\":\"https:\/\/www.decomatic-sa.fr\/\",\"name\":\"d\u00e9comatic\",\"description\":\"\",\"publisher\":{\"@id\":\"https:\/\/www.decomatic-sa.fr\/#organization\"},\"potentialAction\":[{\"@type\":\"SearchAction\",\"target\":{\"@type\":\"EntryPoint\",\"urlTemplate\":\"https:\/\/www.decomatic-sa.fr\/?s={search_term_string}\"},\"query-input\":{\"@type\":\"PropertyValueSpecification\",\"valueRequired\":true,\"valueName\":\"search_term_string\"}}],\"inLanguage\":\"en-US\"},{\"@type\":\"Organization\",\"@id\":\"https:\/\/www.decomatic-sa.fr\/#organization\",\"name\":\"d\u00e9comatic sa\",\"url\":\"https:\/\/www.decomatic-sa.fr\/\",\"logo\":{\"@type\":\"ImageObject\",\"inLanguage\":\"en-US\",\"@id\":\"https:\/\/www.decomatic-sa.fr\/#\/schema\/logo\/image\/\",\"url\":\"https:\/\/www.decomatic-sa.fr\/wp-content\/uploads\/2021\/06\/logo.png\",\"contentUrl\":\"https:\/\/www.decomatic-sa.fr\/wp-content\/uploads\/2021\/06\/logo.png\",\"width\":400,\"height\":80,\"caption\":\"d\u00e9comatic sa\"},\"image\":{\"@id\":\"https:\/\/www.decomatic-sa.fr\/#\/schema\/logo\/image\/\"}}]}<\/script>\n<!-- \/ Yoast SEO plugin. -->","yoast_head_json":{"title":"Packaging d\u00e9veloppement durable : des d\u00e9marches d\u2019entreprise significatives","description":"L\u2019int\u00e9gration du process d\u2019impression permet \u00e0 d\u00e9comatic la totale ma\u00eetrise de son impact environnemental.","robots":{"index":"index","follow":"follow","max-snippet":"max-snippet:-1","max-image-preview":"max-image-preview:large","max-video-preview":"max-video-preview:-1"},"canonical":"https:\/\/www.decomatic-sa.fr\/en\/environnement\/","og_locale":"en_US","og_type":"article","og_title":"Packaging d\u00e9veloppement durable : des d\u00e9marches d\u2019entreprise significatives","og_description":"L\u2019int\u00e9gration du process d\u2019impression permet \u00e0 d\u00e9comatic la totale ma\u00eetrise de son impact environnemental.","og_url":"https:\/\/www.decomatic-sa.fr\/en\/environnement\/","og_site_name":"d\u00e9comatic","article_modified_time":"2025-11-13T08:53:08+00:00","og_image":[{"width":461,"height":307,"url":"https:\/\/www.decomatic-sa.fr\/wp-content\/uploads\/2021\/11\/Engagement-environnemental-1.jpg","type":"image\/jpeg"}],"twitter_card":"summary_large_image","twitter_misc":{"Est. reading time":"2 minutes"},"schema":{"@context":"https:\/\/schema.org","@graph":[{"@type":"WebPage","@id":"https:\/\/www.decomatic-sa.fr\/en\/environnement\/","url":"https:\/\/www.decomatic-sa.fr\/en\/environnement\/","name":"Packaging d\u00e9veloppement durable : des d\u00e9marches d\u2019entreprise significatives","isPartOf":{"@id":"https:\/\/www.decomatic-sa.fr\/#website"},"primaryImageOfPage":{"@id":"https:\/\/www.decomatic-sa.fr\/en\/environnement\/#primaryimage"},"image":{"@id":"https:\/\/www.decomatic-sa.fr\/en\/environnement\/#primaryimage"},"thumbnailUrl":"https:\/\/www.decomatic-sa.fr\/wp-content\/uploads\/2021\/11\/Engagement-environnemental-1.jpg","datePublished":"2021-06-08T14:39:59+00:00","dateModified":"2025-11-13T08:53:08+00:00","description":"L\u2019int\u00e9gration du process d\u2019impression permet \u00e0 d\u00e9comatic la totale ma\u00eetrise de son impact environnemental.","breadcrumb":{"@id":"https:\/\/www.decomatic-sa.fr\/en\/environnement\/#breadcrumb"},"inLanguage":"en-US","potentialAction":[{"@type":"ReadAction","target":["https:\/\/www.decomatic-sa.fr\/en\/environnement\/"]}]},{"@type":"ImageObject","inLanguage":"en-US","@id":"https:\/\/www.decomatic-sa.fr\/en\/environnement\/#primaryimage","url":"https:\/\/www.decomatic-sa.fr\/wp-content\/uploads\/2021\/11\/Engagement-environnemental-1.jpg","contentUrl":"https:\/\/www.decomatic-sa.fr\/wp-content\/uploads\/2021\/11\/Engagement-environnemental-1.jpg","width":461,"height":307,"caption":"Engagement environnemental"},{"@type":"BreadcrumbList","@id":"https:\/\/www.decomatic-sa.fr\/en\/environnement\/#breadcrumb","itemListElement":[{"@type":"ListItem","position":1,"name":"Home","item":"https:\/\/www.decomatic-sa.fr\/en\/"},{"@type":"ListItem","position":2,"name":"Environmental commitment"}]},{"@type":"WebSite","@id":"https:\/\/www.decomatic-sa.fr\/#website","url":"https:\/\/www.decomatic-sa.fr\/","name":"d\u00e9comatic","description":"","publisher":{"@id":"https:\/\/www.decomatic-sa.fr\/#organization"},"potentialAction":[{"@type":"SearchAction","target":{"@type":"EntryPoint","urlTemplate":"https:\/\/www.decomatic-sa.fr\/?s={search_term_string}"},"query-input":{"@type":"PropertyValueSpecification","valueRequired":true,"valueName":"search_term_string"}}],"inLanguage":"en-US"},{"@type":"Organization","@id":"https:\/\/www.decomatic-sa.fr\/#organization","name":"d\u00e9comatic sa","url":"https:\/\/www.decomatic-sa.fr\/","logo":{"@type":"ImageObject","inLanguage":"en-US","@id":"https:\/\/www.decomatic-sa.fr\/#\/schema\/logo\/image\/","url":"https:\/\/www.decomatic-sa.fr\/wp-content\/uploads\/2021\/06\/logo.png","contentUrl":"https:\/\/www.decomatic-sa.fr\/wp-content\/uploads\/2021\/06\/logo.png","width":400,"height":80,"caption":"d\u00e9comatic sa"},"image":{"@id":"https:\/\/www.decomatic-sa.fr\/#\/schema\/logo\/image\/"}}]}},"_links":{"self":[{"href":"https:\/\/www.decomatic-sa.fr\/en\/wp-json\/wp\/v2\/pages\/11352","targetHints":{"allow":["GET"]}}],"collection":[{"href":"https:\/\/www.decomatic-sa.fr\/en\/wp-json\/wp\/v2\/pages"}],"about":[{"href":"https:\/\/www.decomatic-sa.fr\/en\/wp-json\/wp\/v2\/types\/page"}],"author":[{"embeddable":true,"href":"https:\/\/www.decomatic-sa.fr\/en\/wp-json\/wp\/v2\/users\/1"}],"replies":[{"embeddable":true,"href":"https:\/\/www.decomatic-sa.fr\/en\/wp-json\/wp\/v2\/comments?post=11352"}],"version-history":[{"count":13,"href":"https:\/\/www.decomatic-sa.fr\/en\/wp-json\/wp\/v2\/pages\/11352\/revisions"}],"predecessor-version":[{"id":19670,"href":"https:\/\/www.decomatic-sa.fr\/en\/wp-json\/wp\/v2\/pages\/11352\/revisions\/19670"}],"wp:featuredmedia":[{"embeddable":true,"href":"https:\/\/www.decomatic-sa.fr\/en\/wp-json\/wp\/v2\/media\/12086"}],"wp:attachment":[{"href":"https:\/\/www.decomatic-sa.fr\/en\/wp-json\/wp\/v2\/media?parent=11352"}],"curies":[{"name":"wp","href":"https:\/\/api.w.org\/{rel}","templated":true}]}}